{"id":4633,"date":"2015-04-30T08:53:20","date_gmt":"2015-04-30T08:53:20","guid":{"rendered":"https:\/\/goethephysio.ch\/home\/"},"modified":"2023-12-18T07:07:19","modified_gmt":"2023-12-18T07:07:19","slug":"home","status":"publish","type":"page","link":"https:\/\/goethephysio.ch\/fr\/home\/","title":{"rendered":"Home"},"content":{"rendered":"<p>[vc_row type=&#8221;full_width_content&#8221; bg_color=&#8221;#ffffff&#8221; top_padding=&#8221;0&#8243; bottom_padding=&#8221;0&#8243; arrow_bottom=&#8221;1&#8243;][vc_column]\n\t\t\t<!-- START Home_franz\u00f6sisch REVOLUTION SLIDER 6.6.10 --><p class=\"rs-p-wp-fix\"><\/p>\n\t\t\t<rs-module-wrap id=\"rev_slider_4_1_wrapper\" data-source=\"gallery\" style=\"visibility:hidden;background:transparent;padding:0;margin:0px auto;margin-top:0;margin-bottom:0;\">\n\t\t\t\t<rs-module id=\"rev_slider_4_1\" style=\"\" data-version=\"6.6.10\">\n\t\t\t\t\t<rs-slides style=\"overflow: hidden; position: absolute;\">\n\t\t\t\t\t\t<rs-slide style=\"position: absolute;\" data-key=\"rs-26\" data-title=\"Slide\" data-thumb=\"\/\/goethephysio.ch\/wp-content\/uploads\/2021\/06\/IMG_9217-Bearbeitet-1-50x100.jpg\" data-in=\"o:0;\" data-out=\"a:false;\">\n\t\t\t\t\t\t\t<img decoding=\"async\" src=\"\/\/goethephysio.ch\/wp-content\/plugins\/revslider\/public\/assets\/assets\/dummy.png\" alt=\"\" title=\"IMG_9217-Bearbeitet\" width=\"1920\" height=\"1280\" class=\"rev-slidebg tp-rs-img rs-lazyload\" data-lazyload=\"\/\/goethephysio.ch\/wp-content\/uploads\/2021\/06\/IMG_9217-Bearbeitet-1.jpg\" data-bg=\"p:10% 20%;\" data-no-retina>\n<!--\n\t\t\t\t\t\t\t--><rs-layer\n\t\t\t\t\t\t\t\tid=\"slider-4-slide-26-layer-4\" \n\t\t\t\t\t\t\t\tdata-type=\"text\"\n\t\t\t\t\t\t\t\tdata-color=\"#000000\"\n\t\t\t\t\t\t\t\tdata-rsp_ch=\"on\"\n\t\t\t\t\t\t\t\tdata-xy=\"xo:678px,1084px,439px,270px;yo:141px,225px,91px,56px;\"\n\t\t\t\t\t\t\t\tdata-text=\"w:normal;s:60,96,38,23;l:50,80,32,19;ls:5px,8px,3px,1px;fw:700;a:center;\"\n\t\t\t\t\t\t\t\tdata-dim=\"w:431px,689px,279px,172px;\"\n\t\t\t\t\t\t\t\tdata-frame_0=\"x:-100%;\"\n\t\t\t\t\t\t\t\tdata-frame_0_mask=\"u:t;\"\n\t\t\t\t\t\t\t\tdata-frame_1=\"sp:1000;\"\n\t\t\t\t\t\t\t\tdata-frame_1_mask=\"u:t;\"\n\t\t\t\t\t\t\t\tdata-frame_999=\"o:0;st:w;\"\n\t\t\t\t\t\t\t\tstyle=\"z-index:8;background-color:rgba(255,255,255,0.5);font-family:'neuron';\"\n\t\t\t\t\t\t\t>APPR\u00c9CIER<br \/>\nTA VIE \n\t\t\t\t\t\t\t<\/rs-layer><!--\n-->\t\t\t\t\t\t<\/rs-slide>\n\t\t\t\t\t\t<rs-slide style=\"position: absolute;\" data-key=\"rs-27\" data-title=\"Slide\" data-thumb=\"\/\/goethephysio.ch\/wp-content\/uploads\/2021\/06\/IMG_8249-Bearbeitet-Kopie-1-50x100.jpg\" data-in=\"o:0;\" data-out=\"a:false;\">\n\t\t\t\t\t\t\t<img decoding=\"async\" src=\"\/\/goethephysio.ch\/wp-content\/plugins\/revslider\/public\/assets\/assets\/dummy.png\" alt=\"\" title=\"IMG_8249-Bearbeitet Kopie\" width=\"1920\" height=\"1280\" class=\"rev-slidebg tp-rs-img rs-lazyload\" data-lazyload=\"\/\/goethephysio.ch\/wp-content\/uploads\/2021\/06\/IMG_8249-Bearbeitet-Kopie-1.jpg\" data-bg=\"p:center top;\" data-no-retina>\n<!--\n\t\t\t\t\t\t\t--><rs-layer\n\t\t\t\t\t\t\t\tid=\"slider-4-slide-27-layer-5\" \n\t\t\t\t\t\t\t\tdata-type=\"text\"\n\t\t\t\t\t\t\t\tdata-color=\"#000000\"\n\t\t\t\t\t\t\t\tdata-rsp_ch=\"on\"\n\t\t\t\t\t\t\t\tdata-xy=\"xo:56px,89px,36px,22px;yo:264px,422px,170px,104px;\"\n\t\t\t\t\t\t\t\tdata-text=\"w:normal;s:60,96,38,23;l:50,80,32,19;ls:5px,8px,3px,1px;fw:700;a:center;\"\n\t\t\t\t\t\t\t\tdata-frame_0=\"x:100%;\"\n\t\t\t\t\t\t\t\tdata-frame_0_mask=\"u:t;\"\n\t\t\t\t\t\t\t\tdata-frame_1=\"sp:1000;\"\n\t\t\t\t\t\t\t\tdata-frame_1_mask=\"u:t;\"\n\t\t\t\t\t\t\t\tdata-frame_999=\"o:0;st:w;\"\n\t\t\t\t\t\t\t\tstyle=\"z-index:5;background-color:rgba(255,255,255,0.5);font-family:'neuron';\"\n\t\t\t\t\t\t\t>ACTIF POUR VOTRE<br \/>\nQUALIT\u00c9 DE VIE \n\t\t\t\t\t\t\t<\/rs-layer><!--\n-->\t\t\t\t\t\t<\/rs-slide>\n\t\t\t\t\t\t<rs-slide style=\"position: absolute;\" data-key=\"rs-28\" data-title=\"Slide\" data-thumb=\"\/\/goethephysio.ch\/wp-content\/uploads\/2021\/06\/IMG_8642-Bearbeitet-50x100.jpg\" data-in=\"o:0;\" data-out=\"a:false;\">\n\t\t\t\t\t\t\t<img decoding=\"async\" src=\"\/\/goethephysio.ch\/wp-content\/plugins\/revslider\/public\/assets\/assets\/dummy.png\" alt=\"\" title=\"IMG_8642-Bearbeitet\" width=\"1920\" height=\"1280\" class=\"rev-slidebg tp-rs-img rs-lazyload\" data-lazyload=\"\/\/goethephysio.ch\/wp-content\/uploads\/2021\/06\/IMG_8642-Bearbeitet.jpg\" data-no-retina>\n<!--\n\t\t\t\t\t\t\t--><rs-layer\n\t\t\t\t\t\t\t\tid=\"slider-4-slide-28-layer-6\" \n\t\t\t\t\t\t\t\tdata-type=\"text\"\n\t\t\t\t\t\t\t\tdata-color=\"#000000\"\n\t\t\t\t\t\t\t\tdata-rsp_ch=\"on\"\n\t\t\t\t\t\t\t\tdata-xy=\"xo:747px,1195px,484px,298px;yo:304px,486px,196px,120px;\"\n\t\t\t\t\t\t\t\tdata-text=\"w:normal;s:60,96,38,23;l:50,80,32,19;ls:5px,8px,3px,1px;fw:700;a:center;\"\n\t\t\t\t\t\t\t\tdata-dim=\"w:450px,720px,291px,179px;\"\n\t\t\t\t\t\t\t\tdata-frame_0=\"y:100%;\"\n\t\t\t\t\t\t\t\tdata-frame_0_mask=\"u:t;\"\n\t\t\t\t\t\t\t\tdata-frame_1=\"sp:1200;\"\n\t\t\t\t\t\t\t\tdata-frame_1_mask=\"u:t;\"\n\t\t\t\t\t\t\t\tdata-frame_999=\"o:0;st:w;\"\n\t\t\t\t\t\t\t\tstyle=\"z-index:5;background-color:rgba(255,255,255,0.5);font-family:'neuron';\"\n\t\t\t\t\t\t\t>La sant\u00e9 est la qualit\u00e9 de vie \n\t\t\t\t\t\t\t<\/rs-layer><!--\n-->\t\t\t\t\t\t<\/rs-slide>\n\t\t\t\t\t\t<rs-slide style=\"position: absolute;\" data-key=\"rs-29\" data-title=\"Slide\" data-thumb=\"\/\/goethephysio.ch\/wp-content\/uploads\/2020\/10\/slider_senso-50x100.jpg\" data-in=\"o:0;\" data-out=\"a:false;\">\n\t\t\t\t\t\t\t<img decoding=\"async\" src=\"\/\/goethephysio.ch\/wp-content\/plugins\/revslider\/public\/assets\/assets\/dummy.png\" alt=\"\" title=\"slider_senso\" width=\"1920\" height=\"600\" class=\"rev-slidebg tp-rs-img rs-lazyload\" data-lazyload=\"\/\/goethephysio.ch\/wp-content\/uploads\/2020\/10\/slider_senso.jpg\" data-no-retina>\n<!--\n\t\t\t\t\t\t\t--><a\n\t\t\t\t\t\t\t\tid=\"slider-4-slide-29-layer-3\" \n\t\t\t\t\t\t\t\tclass=\"rs-layer\"\n\t\t\t\t\t\t\t\thref=\"http:\/\/goethephysio.ch\/sensopro\/\" target=\"_self\" rel=\"nofollow\"\n\t\t\t\t\t\t\t\tdata-type=\"text\"\n\t\t\t\t\t\t\t\tdata-color=\"#000000\"\n\t\t\t\t\t\t\t\tdata-rsp_ch=\"on\"\n\t\t\t\t\t\t\t\tdata-xy=\"xo:50px,80px,32px,19px;yo:50px,80px,32px,19px;\"\n\t\t\t\t\t\t\t\tdata-text=\"w:normal;s:60,96,38,23;l:75,120,48,29;ls:5px,8px,3px,1px;fw:700;\"\n\t\t\t\t\t\t\t\tdata-frame_0=\"rY:360deg;\"\n\t\t\t\t\t\t\t\tdata-frame_1=\"e:back.out;sp:500;\"\n\t\t\t\t\t\t\t\tdata-frame_999=\"o:0;st:w;\"\n\t\t\t\t\t\t\t\tstyle=\"z-index:5;font-family:'neuron';\"\n\t\t\t\t\t\t\t><u>Sensopro<\/u><br \/>\nmouvement pour<br \/>\nplus de libert\u00e9 \n\t\t\t\t\t\t\t<\/a><!--\n-->\t\t\t\t\t\t<\/rs-slide>\n\t\t\t\t\t\t<rs-slide style=\"position: absolute;\" data-key=\"rs-30\" data-title=\"Slide\" data-thumb=\"\/\/goethephysio.ch\/wp-content\/uploads\/2021\/07\/1-84F24263-CE7D-49C0-A446-0C483D35D8A7-50x100.png\" data-anim=\"ms:1000;r:0;\" data-in=\"o:0;\" data-out=\"a:false;\">\n\t\t\t\t\t\t\t<img decoding=\"async\" src=\"\/\/goethephysio.ch\/wp-content\/plugins\/revslider\/public\/assets\/assets\/dummy.png\" alt=\"\" title=\"84F24263-CE7D-49C0-A446-0C483D35D8A7\" width=\"1920\" height=\"600\" class=\"rev-slidebg tp-rs-img rs-lazyload\" data-lazyload=\"\/\/goethephysio.ch\/wp-content\/uploads\/2021\/07\/1-84F24263-CE7D-49C0-A446-0C483D35D8A7.PNG\" data-bg=\"f:contain;\" data-no-retina>\n<!---->\t\t\t\t\t\t<\/rs-slide>\n\t\t\t\t\t<\/rs-slides>\n\t\t\t\t<\/rs-module>\n\t\t\t\t<script>\n\t\t\t\t\tsetREVStartSize({c: 'rev_slider_4_1',rl:[1240,1024,778,480],el:[450,768,960,720],gw:[1200,1920,778,480],gh:[450,1280,960,720],type:'standard',justify:'',layout:'fullwidth',mh:\"0\"});if (window.RS_MODULES!==undefined && window.RS_MODULES.modules!==undefined && window.RS_MODULES.modules[\"revslider41\"]!==undefined) {window.RS_MODULES.modules[\"revslider41\"].once = false;window.revapi4 = undefined;if (window.RS_MODULES.checkMinimal!==undefined) window.RS_MODULES.checkMinimal()}\n\t\t\t\t<\/script>\n\t\t\t<\/rs-module-wrap>\n\t\t\t<!-- END REVOLUTION SLIDER -->\n[\/vc_column][\/vc_row][vc_row type=&#8221;full_width_content&#8221; top_padding=&#8221;0&#8243; bottom_padding=&#8221;0&#8243;][vc_column width=&#8221;1\/2&#8243;][vc_column_text css=&#8221;.vc_custom_1601036461187{background-image: url(https:\/\/goethephysio.ch\/wp-content\/uploads\/2020\/09\/back.jpg?id=3407) !important;background-position: center !important;background-repeat: no-repeat !important;background-size: contain !important;}&#8221;]<img loading=\"lazy\" decoding=\"async\" class=\"alignnone size-full wp-image-3411\" src=\"https:\/\/goethephysio.ch\/wp-content\/uploads\/2023\/02\/kontakt_F.jpg\" alt=\"\" width=\"1920\" height=\"185\">[\/vc_column_text][\/vc_column][vc_column width=&#8221;1\/2&#8243;][vc_column_text css=&#8221;.vc_custom_1619202317218{background-color: #9e9e9e !important;background-position: center !important;background-repeat: no-repeat !important;background-size: cover !important;}&#8221;]<img loading=\"lazy\" decoding=\"async\" class=\"alignnone size-full wp-image-3699\" src=\"https:\/\/goethephysio.ch\/wp-content\/uploads\/2023\/02\/button_kontakt_neu_neu_F-2.jpg\" alt=\"\" width=\"1920\" height=\"185\">[\/vc_column_text][\/vc_column][\/vc_row][vc_row top_padding=&#8221;20&#8243; bottom_padding=&#8221;0&#8243; awb_type=&#8221;image&#8221; awb_stretch=&#8221;1&#8243; awb_image_background_position=&#8221;50% 50%&#8221; awb_parallax=&#8221;scroll-opacity&#8221; awb_parallax_speed=&#8221;0.5&#8243; awb_parallax_mobile=&#8221;1&#8243; awb_image=&#8221;3288&#8243;][vc_column width=&#8221;3\/6&#8243;][vc_column_text css_animation=&#8221;none&#8221;]<span style=\"font-size: 18pt;\"><strong><span style=\"font-family: neuron;\">Ce que nous vous offrons:<\/span><\/strong><\/span><\/p>\n<p><span style=\"font-family: neuron; font-size: 14pt;\">Dans nos locaux d\u2019acc\u00e8s sans barri\u00e8re au centre de St\u00e4fa, nous vous proposons un large \u00e9ventail de possibilit\u00e9s de traitement de physioth\u00e9rapie. Nous ne traitons pas seulement les sympt\u00f4mes dont vous souffrez lorsque vous venez \u00e0 nous, mais nous essayons \u00e9galement toujours de d\u00e9couvrir les causes sous-jacentes. Nous nous attaquons ainsi aux maux de t\u00eate, aux douleurs dorsales, aux \u0153d\u00e8mes douloureux ou aux douleurs au genou \u00e0 la racine, mais nous vous aidons \u00e9galement \u00e0 retrouver un \u00e9quilibre apr\u00e8s des blessures traumatiques ou des maladies neurologiques cons\u00e9cutives \u00e0 un accident. Nous sommes bien s\u00fbr \u00e9galement \u00e0 votre disposition pour des mesures de r\u00e9adaptation postop\u00e9ratoires, des traitements articulaires temporo-mandibulaires et des drainages lymphatiques &#8211; \u00e0 votre maison.<\/span>[\/vc_column_text][\/vc_column][vc_column width=&#8221;1\/6&#8243;][vc_single_image image=&#8221;4080&#8243; img_size=&#8221;full&#8221; alignment=&#8221;center&#8221; css_animation=&#8221;none&#8221;][\/vc_column][vc_column width=&#8221;2\/6&#8243;][vc_column_text css_animation=&#8221;none&#8221;]<span style=\"font-size: 18pt;\"><strong><span style=\"font-family: neuron;\">Quelques-unes de nos formes de th\u00e9rapie :<\/span><\/strong><\/span><\/p>\n<ul>\n<li><span style=\"font-family: neuron; font-size: 14pt;\">Pr\u00e9vention et pr\u00e9vention des chutes<\/span><\/li>\n<li><span style=\"font-family: neuron; font-size: 14pt;\">Th\u00e9rapie manuelle<\/span><\/li>\n<li><span style=\"color: #333333; font-family: neuron; font-size: 14pt;\">Soins \u00e0 domicile<\/span><\/li>\n<li><span style=\"color: #333333; font-family: neuron; font-size: 14pt;\">Soins CMD \/ m\u00e2choire<\/span><\/li>\n<li><span style=\"color: #333333; font-family: neuron; font-size: 14pt;\">R\u00e9\u00e9ducation vestibulaire et vertiges<\/span><\/li>\n<li><span style=\"color: #333333; font-family: neuron; font-size: 14pt;\">Traitement des fascias<\/span><\/li>\n<li><span style=\"font-family: neuron; font-size: 14pt;\">R\u00e9adaptation post-op\u00e9ratoire<\/span><\/li>\n<li><span style=\"font-family: neuron; font-size: 14pt;\">Drainage lymphatique<\/span><\/li>\n<li><span style=\"color: #333333; font-family: neuron; font-size: 14pt;\">Kinesio Taping<\/span><\/li>\n<li><span style=\"color: #333333; font-family: neuron; font-size: 14pt;\">Massages m\u00e9dicaux (\u00e9galement via l&#8217;assurance suppl\u00e9mentaire)<\/span><\/li>\n<li><span style=\"font-family: neuron; font-size: 14pt;\">Traitement des points trigger<\/span><\/li>\n<li><span style=\"font-family: neuron; font-size: 14pt;\">Th\u00e9rapie neurologique selon Bobath et Vojta<\/span><\/li>\n<li><span style=\"font-family: neuron; font-size: 14pt;\">Entra\u00eenement somatomoteur avec le Sensopro<\/span><\/li>\n<\/ul>\n<p>[\/vc_column_text][\/vc_column][\/vc_row][vc_row type=&#8221;full_width_content&#8221; top_padding=&#8221;20&#8243; bottom_padding=&#8221;0&#8243; awb_type=&#8221;image&#8221; awb_stretch=&#8221;1&#8243; awb_image_background_position=&#8221;50% 50%&#8221; awb_parallax=&#8221;scroll-opacity&#8221; awb_parallax_speed=&#8221;0.5&#8243; awb_parallax_mobile=&#8221;1&#8243; awb_image=&#8221;3288&#8243;][vc_column width=&#8221;1\/2&#8243;][vc_single_image image=&#8221;4530&#8243; img_size=&#8221;full&#8221; alignment=&#8221;center&#8221; css_animation=&#8221;none&#8221;][\/vc_column][vc_column width=&#8221;1\/2&#8243;][vc_single_image image=&#8221;4131&#8243; img_size=&#8221;full&#8221; alignment=&#8221;center&#8221; css_animation=&#8221;none&#8221;][\/vc_column][\/vc_row][vc_row type=&#8221;full_width_content&#8221; top_padding=&#8221;0&#8243; bottom_padding=&#8221;0&#8243; awb_type=&#8221;image&#8221; awb_stretch=&#8221;1&#8243; awb_image_background_position=&#8221;50% 50%&#8221; awb_parallax=&#8221;scroll-opacity&#8221; awb_parallax_speed=&#8221;0.5&#8243; awb_parallax_mobile=&#8221;1&#8243; awb_image=&#8221;3288&#8243;][vc_column width=&#8221;1\/2&#8243;][vc_single_image image=&#8221;4134&#8243; img_size=&#8221;full&#8221; alignment=&#8221;center&#8221; css_animation=&#8221;none&#8221;][\/vc_column][vc_column width=&#8221;1\/2&#8243;][vc_single_image image=&#8221;4137&#8243; img_size=&#8221;full&#8221; alignment=&#8221;center&#8221; css_animation=&#8221;none&#8221;][\/vc_column][\/vc_row][vc_row type=&#8221;full_width_content&#8221; bottom_padding=&#8221;0&#8243;][vc_column][vc_single_image image=&#8221;4119&#8243; img_size=&#8221;full&#8221; alignment=&#8221;center&#8221; css_animation=&#8221;none&#8221;][\/vc_column][\/vc_row][vc_row type=&#8221;full_width_content&#8221; bottom_padding=&#8221;0&#8243;][vc_column][vc_single_image image=&#8221;4107&#8243; img_size=&#8221;full&#8221; alignment=&#8221;center&#8221; css_animation=&#8221;none&#8221;][\/vc_column][\/vc_row][vc_row type=&#8221;full_width_content&#8221; bg_color=&#8221;#f5f4f2&#8243; top_padding=&#8221;0&#8243; bottom_padding=&#8221;0&#8243;][vc_column width=&#8221;1\/2&#8243; background_color=&#8221;#f5f4f2&#8243;][vc_empty_space height=&#8221;50px&#8221;][vc_column_text]<\/p>\n<p style=\"padding-left: 60px;\"><span style=\"font-family: neuron; font-size: 14pt;\">Notre \u00e9quipe est \u00e0 votre disposition aux horaires suivants :<\/span><\/p>\n<p style=\"padding-left: 60px;\"><span style=\"font-family: neuron; font-size: 14pt;\">Lundi &#8211; Vendredi : 7h &#8211; 17h<br \/>\net sur rendez-vous.<\/span><\/p>\n<p>[\/vc_column_text][vc_row_inner][vc_column_inner width=&#8221;1\/2&#8243;][vc_column_text css=&#8221;.vc_custom_1601044839637{background-image: url(https:\/\/goethephysio.ch\/wp-content\/uploads\/2020\/09\/Bildschirmfoto-2020-09-25-um-16.40.07.png?id=3509) !important;}&#8221;]<\/p>\n<div class=\"page\" style=\"padding-left: 30px;\">\n<div class=\"section\">\n<div class=\"layoutArea\">\n<div class=\"column\">\n<p><span style=\"font-family: neuron; font-size: 14pt;\">Physio Goethezentrum<\/span><br \/>\n<span style=\"font-family: neuron; font-size: 14pt;\">Goethestrasse 25<\/span><br \/>\n<span style=\"font-family: neuron; font-size: 14pt;\">8712 St\u00e4fa<\/span><\/p>\n<\/div>\n<\/div>\n<\/div>\n<\/div>\n<p>[\/vc_column_text][\/vc_column_inner][vc_column_inner width=&#8221;1\/2&#8243;][vc_column_text]<\/p>\n<p style=\"padding-left: 30px;\"><span style=\"font-family: neuron; font-size: 14pt;\">Tel: 043 477 06 27<\/span><br \/>\n<span style=\"font-family: neuron; font-size: 14pt;\"><br \/>\n<a href=\"mailto:admin@goethephysio.ch\">admin@goethephysio.ch<\/a><\/span><\/p>\n<p>[\/vc_column_text][\/vc_column_inner][\/vc_row_inner][vc_empty_space][vc_column_text]<\/p>\n<p style=\"text-align: center;\"><strong>Centre PhysioGoethe<\/strong><a href=\"https:\/\/goethephysio.ch\/wp-content\/uploads\/2023\/11\/5sterne.png\"><img loading=\"lazy\" decoding=\"async\" class=\"aligncenter wp-image-5261\" src=\"https:\/\/goethephysio.ch\/wp-content\/uploads\/2023\/11\/5sterne.png\" alt=\"\" width=\"186\" height=\"40\" srcset=\"https:\/\/goethephysio.ch\/wp-content\/uploads\/2023\/11\/5sterne.png 418w, https:\/\/goethephysio.ch\/wp-content\/uploads\/2023\/11\/5sterne-300x65.png 300w\" sizes=\"auto, (max-width: 186px) 100vw, 186px\" \/><\/a><a href=\"https:\/\/www.google.com\/maps\/place\/Physio+Goethezentrum\/@47.2411506,8.7221081,17z\/data=!3m1!4b1!4m20!1m13!4m12!1m4!2m2!1d11.5400113!2d48.1483601!4e1!1m6!1m2!1s0x479ab04974c0d237:0x973c4ed5ee319c61!2sgoethephysio+st%C3%A4fa!2m2!1d8.7246172!2d47.2410806!3m5!1s0x479ab04974c0d237:0x973c4ed5ee319c61!8m2!3d47.241147!4d8.724683!16s%2Fg%2F1tfxw_cv?entry=ttu\" target=\"_blank\" rel=\"noopener\">4.90 de 5.00 &#8211; Tr\u00e8s bien<\/a><br \/>\n<a href=\"https:\/\/www.google.com\/maps\/place\/Physio+Goethezentrum\/@47.2411506,8.7221081,17z\/data=!3m1!4b1!4m20!1m13!4m12!1m4!2m2!1d11.5400113!2d48.1483601!4e1!1m6!1m2!1s0x479ab04974c0d237:0x973c4ed5ee319c61!2sgoethephysio+st%C3%A4fa!2m2!1d8.7246172!2d47.2410806!3m5!1s0x479ab04974c0d237:0x973c4ed5ee319c61!8m2!3d47.241147!4d8.724683!16s%2Fg%2F1tfxw_cv?entry=ttu\" target=\"_blank\" rel=\"noopener\">&gt;&gt;  vers les \u00e9valuations  &lt;&lt;<\/a><\/p>\n<p>[\/vc_column_text][\/vc_column][vc_column width=&#8221;1\/2&#8243;][vc_single_image image=&#8221;4179&#8243; img_size=&#8221;full&#8221; alignment=&#8221;center&#8221; css_animation=&#8221;none&#8221;][\/vc_column][\/vc_row]<\/p>\n","protected":false},"excerpt":{"rendered":"<p>[vc_row type=&#8221;full_width_content&#8221; bg_color=&#8221;#ffffff&#8221; top_padding=&#8221;0&#8243; bottom_padding=&#8221;0&#8243; arrow_bottom=&#8221;1&#8243;][vc_column][\/vc_column][\/vc_row][vc_row type=&#8221;full_width_content&#8221; top_padding=&#8221;0&#8243; bottom_padding=&#8221;0&#8243;][vc_column width=&#8221;1\/2&#8243;][vc_column_text css=&#8221;.vc_custom_1601036461187{background-image: url(https:\/\/goethephysio.ch\/wp-content\/uploads\/2020\/09\/back.jpg?id=3407) !important;background-position: center !important;background-repeat: no-repeat !important;background-size: contain !important;}&#8221;][\/vc_column_text][\/vc_column][vc_column width=&#8221;1\/2&#8243;][vc_column_text css=&#8221;.vc_custom_1619202317218{background-color: #9e9e9e !important;background-position: center !important;background-repeat: no-repeat !important;background-size: cover !important;}&#8221;][\/vc_column_text][\/vc_column][\/vc_row][vc_row top_padding=&#8221;20&#8243; bottom_padding=&#8221;0&#8243; awb_type=&#8221;image&#8221; awb_stretch=&#8221;1&#8243; awb_image_background_position=&#8221;50% 50%&#8221; awb_parallax=&#8221;scroll-opacity&#8221; awb_parallax_speed=&#8221;0.5&#8243; awb_parallax_mobile=&#8221;1&#8243; awb_image=&#8221;3288&#8243;][vc_column width=&#8221;3\/6&#8243;][vc_column_text css_animation=&#8221;none&#8221;]Ce que nous vous offrons: Dans nos locaux d\u2019acc\u00e8s sans barri\u00e8re au centre de St\u00e4fa, [&hellip;]<\/p>\n","protected":false},"author":1,"featured_media":0,"parent":0,"menu_order":0,"comment_status":"open","ping_status":"open","template":"","meta":{"footnotes":""},"class_list":["post-4633","page","type-page","status-publish","hentry"],"_links":{"self":[{"href":"https:\/\/goethephysio.ch\/fr\/wp-json\/wp\/v2\/pages\/4633","targetHints":{"allow":["GET"]}}],"collection":[{"href":"https:\/\/goethephysio.ch\/fr\/wp-json\/wp\/v2\/pages"}],"about":[{"href":"https:\/\/goethephysio.ch\/fr\/wp-json\/wp\/v2\/types\/page"}],"author":[{"embeddable":true,"href":"https:\/\/goethephysio.ch\/fr\/wp-json\/wp\/v2\/users\/1"}],"replies":[{"embeddable":true,"href":"https:\/\/goethephysio.ch\/fr\/wp-json\/wp\/v2\/comments?post=4633"}],"version-history":[{"count":30,"href":"https:\/\/goethephysio.ch\/fr\/wp-json\/wp\/v2\/pages\/4633\/revisions"}],"predecessor-version":[{"id":5295,"href":"https:\/\/goethephysio.ch\/fr\/wp-json\/wp\/v2\/pages\/4633\/revisions\/5295"}],"wp:attachment":[{"href":"https:\/\/goethephysio.ch\/fr\/wp-json\/wp\/v2\/media?parent=4633"}],"curies":[{"name":"wp","href":"https:\/\/api.w.org\/{rel}","templated":true}]}}