{"id":4641,"date":"2020-10-16T07:33:01","date_gmt":"2020-10-16T07:33:01","guid":{"rendered":"https:\/\/goethephysio.ch\/travaux\/"},"modified":"2023-01-31T11:49:13","modified_gmt":"2023-01-31T11:49:13","slug":"travaux","status":"publish","type":"page","link":"https:\/\/goethephysio.ch\/fr\/travaux\/","title":{"rendered":"Travaux"},"content":{"rendered":"<p>[vc_row][vc_column width=&#8221;1\/2&#8243; background_color=&#8221;#f5f4f2&#8243; css=&#8221;.vc_custom_1602835413095{border-radius: 2px !important;}&#8221;][vc_single_image image=&#8221;4197&#8243; img_size=&#8221;full&#8221; alignment=&#8221;center&#8221;][vc_column_text]<\/p>\n<p style=\"text-align: center;\"><span style=\"font-family: neuron; font-size: 14pt;\">Nous recherchons d\u00e8s que possible<\/span><\/p>\n<p style=\"text-align: center;\"><strong><span style=\"font-family: neuron; font-size: 18pt;\">un physioth\u00e9rapeute<\/span><\/strong><\/p>\n<p style=\"text-align: center;\"><span style=\"font-family: neuron; font-size: 14pt;\">Vous attendez une \u00e9quipe engag\u00e9e et professionnelle de huit th\u00e9rapeutes comp\u00e9tents, un salaire sup\u00e9rieur \u00e0 la moyenne, une collaboration \u00e9troite avec des m\u00e9decins, des formations internes et un soutien pour des formations ext\u00e9rieures.<\/span><\/p>\n<p style=\"text-align: center;\"><span style=\"font-family: neuron; font-size: 14pt;\">Vous \u00eates un\/une physioth\u00e9rapeute qualifi\u00e9(e), vous souhaitez vous d\u00e9velopper, vous agissez de mani\u00e8re professionnelle, vous communiquez volontiers et, dans le meilleur des cas, vous avez votre propre voiture pour les visites \u00e0 domicile? <\/span><\/p>\n<p style=\"text-align: center;\"><span style=\"font-family: neuron; font-size: 14pt;\">Alors postulez chez nous! Nous sommes impatients de vous rencontrer.<\/span><\/p>\n<p>[\/vc_column_text][vc_single_image image=&#8221;4200&#8243; img_size=&#8221;full&#8221; alignment=&#8221;center&#8221;][\/vc_column][vc_column width=&#8221;1\/2&#8243;][vc_column_text]<strong><span style=\"font-family: neuron; font-size: 18pt;\">Postulez maintenant &#8211; nous avons h\u00e2te de vous voir!<\/span><\/strong>[\/vc_column_text][vc_column_text]\n<div class=\"wpcf7 no-js\" id=\"wpcf7-f3657-o1\" lang=\"de-DE\" dir=\"ltr\" data-wpcf7-id=\"3657\">\n<div class=\"screen-reader-response\"><p role=\"status\" aria-live=\"polite\" aria-atomic=\"true\"><\/p> <ul><\/ul><\/div>\n<form action=\"\/fr\/wp-json\/wp\/v2\/pages\/4641#wpcf7-f3657-o1\" method=\"post\" class=\"wpcf7-form init\" aria-label=\"Kontaktformular\" novalidate=\"novalidate\" data-status=\"init\">\n<fieldset class=\"hidden-fields-container\"><input type=\"hidden\" name=\"_wpcf7\" value=\"3657\" \/><input type=\"hidden\" name=\"_wpcf7_version\" value=\"6.1.4\" \/><input type=\"hidden\" name=\"_wpcf7_locale\" value=\"de_DE\" \/><input type=\"hidden\" name=\"_wpcf7_unit_tag\" value=\"wpcf7-f3657-o1\" \/><input type=\"hidden\" name=\"_wpcf7_container_post\" value=\"0\" \/><input type=\"hidden\" name=\"_wpcf7_posted_data_hash\" value=\"\" \/>\n<\/fieldset>\n<p><span class=\"wpcf7-form-control-wrap\" data-name=\"name\"><input size=\"40\" maxlength=\"400\" class=\"wpcf7-form-control wpcf7-text wpcf7-validates-as-required\" aria-required=\"true\" aria-invalid=\"false\" placeholder=\"Name\" value=\"\" type=\"text\" name=\"name\" \/><\/span><br \/>\n<span class=\"wpcf7-form-control-wrap\" data-name=\"Vorname\"><input size=\"40\" maxlength=\"400\" class=\"wpcf7-form-control wpcf7-text wpcf7-validates-as-required\" aria-required=\"true\" aria-invalid=\"false\" placeholder=\"Vorname\" value=\"\" type=\"text\" name=\"Vorname\" \/><\/span><br \/>\n<span class=\"wpcf7-form-control-wrap\" data-name=\"gebdatum\"><input size=\"40\" maxlength=\"400\" class=\"wpcf7-form-control wpcf7-text wpcf7-validates-as-required\" aria-required=\"true\" aria-invalid=\"false\" placeholder=\"Geburtsdatum\" value=\"\" type=\"text\" name=\"gebdatum\" \/><\/span><br \/>\n<hr \/><br \/>\n\t<center><span class=\"wpcf7-form-control-wrap\" data-name=\"srkanerkennung\"><span class=\"wpcf7-form-control wpcf7-checkbox wpcf7-validates-as-required\"><span class=\"wpcf7-list-item first\"><input type=\"checkbox\" name=\"srkanerkennung[]\" value=\"SRK-Anerkennung - ja\" \/><span class=\"wpcf7-list-item-label\">SRK-Anerkennung - ja<\/span><\/span><span class=\"wpcf7-list-item last\"><input type=\"checkbox\" name=\"srkanerkennung[]\" value=\"SRK-Anerkennung - nein\" \/><span class=\"wpcf7-list-item-label\">SRK-Anerkennung - nein<\/span><\/span><\/span><\/span>\n\t<\/center><br \/>\n<hr \/><br \/>\n<span class=\"wpcf7-form-control-wrap\" data-name=\"Ausbildung\"><textarea cols=\"40\" rows=\"10\" maxlength=\"2000\" class=\"wpcf7-form-control wpcf7-textarea\" aria-invalid=\"false\" placeholder=\"Ausbildung\" name=\"Ausbildung\"><\/textarea><\/span><br \/>\n<span class=\"wpcf7-form-control-wrap\" data-name=\"Abschluss\"><input size=\"40\" maxlength=\"400\" class=\"wpcf7-form-control wpcf7-text wpcf7-validates-as-required\" aria-required=\"true\" aria-invalid=\"false\" placeholder=\"Abschluss\" value=\"\" type=\"text\" name=\"Abschluss\" \/><\/span><br \/>\n<span class=\"wpcf7-form-control-wrap\" data-name=\"Wohnort\"><input size=\"40\" maxlength=\"400\" class=\"wpcf7-form-control wpcf7-text wpcf7-validates-as-required\" aria-required=\"true\" aria-invalid=\"false\" placeholder=\"Wohnort\" value=\"\" type=\"text\" name=\"Wohnort\" \/><\/span><br \/>\n<span class=\"wpcf7-form-control-wrap\" data-name=\"email\"><input size=\"40\" maxlength=\"400\" class=\"wpcf7-form-control wpcf7-email wpcf7-validates-as-required wpcf7-text wpcf7-validates-as-email\" aria-required=\"true\" aria-invalid=\"false\" placeholder=\"Email\" value=\"\" type=\"email\" name=\"email\" \/><\/span><br \/>\n<span class=\"wpcf7-form-control-wrap\" data-name=\"Natelnummer\"><input size=\"40\" maxlength=\"400\" class=\"wpcf7-form-control wpcf7-text\" aria-invalid=\"false\" placeholder=\"Natelnummer\" value=\"\" type=\"text\" name=\"Natelnummer\" \/><\/span>\n<\/p>\n<p><input class=\"wpcf7-form-control wpcf7-submit has-spinner\" type=\"submit\" value=\"Senden\" \/>\n<\/p><div class=\"wpcf7-response-output\" aria-hidden=\"true\"><\/div>\n<\/form>\n<\/div>\n[\/vc_column_text][\/vc_column][\/vc_row]<\/p>\n","protected":false},"excerpt":{"rendered":"<p>[vc_row][vc_column width=&#8221;1\/2&#8243; background_color=&#8221;#f5f4f2&#8243; css=&#8221;.vc_custom_1602835413095{border-radius: 2px !important;}&#8221;][vc_single_image image=&#8221;4197&#8243; img_size=&#8221;full&#8221; alignment=&#8221;center&#8221;][vc_column_text] Nous recherchons d\u00e8s que possible un physioth\u00e9rapeute Vous attendez une \u00e9quipe engag\u00e9e et professionnelle de huit th\u00e9rapeutes comp\u00e9tents, un salaire sup\u00e9rieur \u00e0 la moyenne, une collaboration \u00e9troite avec des m\u00e9decins, des formations internes et un soutien pour des formations ext\u00e9rieures. Vous \u00eates un\/une physioth\u00e9rapeute qualifi\u00e9(e), vous [&hellip;]<\/p>\n","protected":false},"author":1,"featured_media":0,"parent":0,"menu_order":0,"comment_status":"closed","ping_status":"closed","template":"","meta":{"footnotes":""},"class_list":["post-4641","page","type-page","status-publish","hentry"],"_links":{"self":[{"href":"https:\/\/goethephysio.ch\/fr\/wp-json\/wp\/v2\/pages\/4641","targetHints":{"allow":["GET"]}}],"collection":[{"href":"https:\/\/goethephysio.ch\/fr\/wp-json\/wp\/v2\/pages"}],"about":[{"href":"https:\/\/goethephysio.ch\/fr\/wp-json\/wp\/v2\/types\/page"}],"author":[{"embeddable":true,"href":"https:\/\/goethephysio.ch\/fr\/wp-json\/wp\/v2\/users\/1"}],"replies":[{"embeddable":true,"href":"https:\/\/goethephysio.ch\/fr\/wp-json\/wp\/v2\/comments?post=4641"}],"version-history":[{"count":3,"href":"https:\/\/goethephysio.ch\/fr\/wp-json\/wp\/v2\/pages\/4641\/revisions"}],"predecessor-version":[{"id":4644,"href":"https:\/\/goethephysio.ch\/fr\/wp-json\/wp\/v2\/pages\/4641\/revisions\/4644"}],"wp:attachment":[{"href":"https:\/\/goethephysio.ch\/fr\/wp-json\/wp\/v2\/media?parent=4641"}],"curies":[{"name":"wp","href":"https:\/\/api.w.org\/{rel}","templated":true}]}}