{"id":4653,"date":"2020-10-01T06:47:17","date_gmt":"2020-10-01T06:47:17","guid":{"rendered":"https:\/\/goethephysio.ch\/sensopro\/"},"modified":"2023-04-04T07:00:00","modified_gmt":"2023-04-04T07:00:00","slug":"sensopro","status":"publish","type":"page","link":"https:\/\/goethephysio.ch\/fr\/sensopro\/","title":{"rendered":"Sensopro"},"content":{"rendered":"<p>[vc_row type=&#8221;full_width_content&#8221; top_padding=&#8221;0&#8243; bottom_padding=&#8221;0&#8243;][vc_column][vc_single_image image=&#8221;4155&#8243; img_size=&#8221;full&#8221; alignment=&#8221;center&#8221;][\/vc_column][\/vc_row][vc_row type=&#8221;full_width_content&#8221; top_padding=&#8221;0&#8243; bottom_padding=&#8221;0&#8243;][vc_column][vc_single_image image=&#8221;4143&#8243; img_size=&#8221;full&#8221; alignment=&#8221;center&#8221;][\/vc_column][\/vc_row][vc_row top_padding=&#8221;35&#8243;][vc_column width=&#8221;1\/2&#8243;][vc_column_text]<\/p>\n<h2><span style=\"font-family: neuron;\">L&#8217;ID\u00c9E<\/span><\/h2>\n<p><span style=\"font-family: neuron; font-size: 14pt;\">Sensopro a \u00e9t\u00e9 d\u00e9velopp\u00e9 \u00e0 l&#8217;Universit\u00e9 de Berne par Kaspar Schmocker \u00e0 partir de 2008. Dans le cadre de ses \u00e9tudes sportives, il souhaitait construire un appareil qui permettrait un entra\u00eenement en coordination sous charge. Cet entra\u00eenement est holistique, sans danger pour les articulations, facile et s\u00fbr dans son utilisation. Et enfin, ce type d&#8217;entra\u00eenement doit \u00eatre amusant et motivant.<\/span><\/p>\n<p><span style=\"font-family: neuron; font-size: 14pt;\">Cela a abouti \u00e0 un concept complet qui met le b\u00e9n\u00e9fice de la coordination au centre.<\/span>[\/vc_column_text][\/vc_column][vc_column width=&#8221;1\/2&#8243;][vc_single_image image=&#8221;4158&#8243; img_size=&#8221;full&#8221;][\/vc_column][\/vc_row][vc_row type=&#8221;full_width_content&#8221; top_padding=&#8221;0&#8243; bottom_padding=&#8221;0&#8243;][vc_column][vc_single_image image=&#8221;4143&#8243; img_size=&#8221;full&#8221; alignment=&#8221;center&#8221;][\/vc_column][\/vc_row][vc_row][vc_column width=&#8221;1\/2&#8243;][vc_single_image image=&#8221;4161&#8243; img_size=&#8221;full&#8221;][\/vc_column][vc_column width=&#8221;1\/2&#8243;][vc_column_text]<\/p>\n<h2><span style=\"font-family: neuron;\">Optimisez votre coordination.<\/span><\/h2>\n<p><span style=\"font-family: neuron; font-size: 14pt;\">Vous souhaitez optimiser votre coordination et br\u00fbler des calories de mani\u00e8re ludique? Avec ce syst\u00e8me, vous pouvez reconstruire ce que vous avez perdu au cours des derniers mois! En tant que pionniers en Allemagne, nous avons introduit ce syst\u00e8me ergonomique et holistique dans nos salles sportives. Le fantastique SENSOPRO prend en charge votre entra\u00eenement personnel et vous encourage \u00e0 rester en forme, \u00e0 la fois physiquement et mentalement, et \u00e0 faire quelque chose pour votre sant\u00e9.<\/span>[\/vc_column_text][\/vc_column][\/vc_row][vc_row type=&#8221;full_width_content&#8221; top_padding=&#8221;0&#8243; bottom_padding=&#8221;0&#8243;][vc_column][vc_single_image image=&#8221;4143&#8243; img_size=&#8221;full&#8221; alignment=&#8221;center&#8221;][\/vc_column][\/vc_row][vc_row type=&#8221;full_width_content&#8221; top_padding=&#8221;0&#8243; bottom_padding=&#8221;0&#8243;][vc_column width=&#8221;1\/2&#8243;][vc_empty_space height=&#8221;50px&#8221;][vc_column_text]<\/p>\n<p style=\"padding-left: 60px;\"><span style=\"font-family: neuron; font-size: 14pt;\">Notre \u00e9quipe est \u00e0 votre disposition aux horaires suivants :<\/span><\/p>\n<p style=\"padding-left: 60px;\"><span style=\"font-family: neuron; font-size: 14pt;\">Lundi &#8211; Vendredi : 7h &#8211; 17h<br \/>\net sur rendez-vous.<\/span><\/p>\n<p>[\/vc_column_text][vc_row_inner][vc_column_inner width=&#8221;1\/2&#8243;][vc_column_text]<\/p>\n<p style=\"padding-left: 30px;\"><span style=\"font-family: neuron; font-size: 14pt;\">Physio Goethezentrum<\/span><br \/>\n<span style=\"font-family: neuron; font-size: 14pt;\">Goethestrasse 25<\/span><br \/>\n<span style=\"font-family: neuron; font-size: 14pt;\">8712 St\u00e4fa<\/span>[\/vc_column_text][\/vc_column_inner][vc_column_inner width=&#8221;1\/2&#8243;][vc_column_text]<\/p>\n<p style=\"padding-left: 30px;\"><span style=\"font-family: neuron; font-size: 14pt;\">Tel: 043 477 06 27<\/span><\/p>\n<p style=\"padding-left: 30px;\"><span style=\"font-family: neuron; font-size: 14pt;\"><a href=\"mailto:admin@goethephysio.ch\">admin@goethephysio.ch<\/a><\/span><\/p>\n<p>[\/vc_column_text][\/vc_column_inner][\/vc_row_inner][\/vc_column][vc_column width=&#8221;1\/2&#8243;][vc_single_image image=&#8221;4179&#8243; img_size=&#8221;full&#8221; alignment=&#8221;center&#8221;][\/vc_column][\/vc_row]<\/p>\n","protected":false},"excerpt":{"rendered":"<p>[vc_row type=&#8221;full_width_content&#8221; top_padding=&#8221;0&#8243; bottom_padding=&#8221;0&#8243;][vc_column][vc_single_image image=&#8221;4155&#8243; img_size=&#8221;full&#8221; alignment=&#8221;center&#8221;][\/vc_column][\/vc_row][vc_row type=&#8221;full_width_content&#8221; top_padding=&#8221;0&#8243; bottom_padding=&#8221;0&#8243;][vc_column][vc_single_image image=&#8221;4143&#8243; img_size=&#8221;full&#8221; alignment=&#8221;center&#8221;][\/vc_column][\/vc_row][vc_row top_padding=&#8221;35&#8243;][vc_column width=&#8221;1\/2&#8243;][vc_column_text] L&#8217;ID\u00c9E Sensopro a \u00e9t\u00e9 d\u00e9velopp\u00e9 \u00e0 l&#8217;Universit\u00e9 de Berne par Kaspar Schmocker \u00e0 partir de 2008. Dans le cadre de ses \u00e9tudes sportives, il souhaitait construire un appareil qui permettrait un entra\u00eenement en coordination sous charge. Cet entra\u00eenement est holistique, [&hellip;]<\/p>\n","protected":false},"author":1,"featured_media":0,"parent":0,"menu_order":0,"comment_status":"closed","ping_status":"closed","template":"","meta":{"footnotes":""},"class_list":["post-4653","page","type-page","status-publish","hentry"],"_links":{"self":[{"href":"https:\/\/goethephysio.ch\/fr\/wp-json\/wp\/v2\/pages\/4653","targetHints":{"allow":["GET"]}}],"collection":[{"href":"https:\/\/goethephysio.ch\/fr\/wp-json\/wp\/v2\/pages"}],"about":[{"href":"https:\/\/goethephysio.ch\/fr\/wp-json\/wp\/v2\/types\/page"}],"author":[{"embeddable":true,"href":"https:\/\/goethephysio.ch\/fr\/wp-json\/wp\/v2\/users\/1"}],"replies":[{"embeddable":true,"href":"https:\/\/goethephysio.ch\/fr\/wp-json\/wp\/v2\/comments?post=4653"}],"version-history":[{"count":10,"href":"https:\/\/goethephysio.ch\/fr\/wp-json\/wp\/v2\/pages\/4653\/revisions"}],"predecessor-version":[{"id":5021,"href":"https:\/\/goethephysio.ch\/fr\/wp-json\/wp\/v2\/pages\/4653\/revisions\/5021"}],"wp:attachment":[{"href":"https:\/\/goethephysio.ch\/fr\/wp-json\/wp\/v2\/media?parent=4653"}],"curies":[{"name":"wp","href":"https:\/\/api.w.org\/{rel}","templated":true}]}}