{"id":4657,"date":"2020-09-11T19:16:49","date_gmt":"2020-09-11T19:16:49","guid":{"rendered":"https:\/\/goethephysio.ch\/formes-de-therapie\/"},"modified":"2023-07-24T10:16:10","modified_gmt":"2023-07-24T10:16:10","slug":"formes-de-therapie","status":"publish","type":"page","link":"https:\/\/goethephysio.ch\/fr\/formes-de-therapie\/","title":{"rendered":"Formes de th\u00e9rapie"},"content":{"rendered":"<p>[vc_row type=&#8221;full_width_content&#8221; top_padding=&#8221;0&#8243; bottom_padding=&#8221;0&#8243;][vc_column][vc_single_image image=&#8221;4140&#8243; img_size=&#8221;full&#8221; alignment=&#8221;center&#8221;][\/vc_column][\/vc_row][vc_row type=&#8221;full_width_content&#8221; top_padding=&#8221;0&#8243; bottom_padding=&#8221;0&#8243;][vc_column][vc_single_image image=&#8221;4143&#8243; img_size=&#8221;full&#8221; alignment=&#8221;center&#8221;][\/vc_column][\/vc_row][vc_row top_padding=&#8221;20&#8243; bottom_padding=&#8221;0&#8243; awb_type=&#8221;image&#8221; awb_stretch=&#8221;1&#8243; awb_image_background_position=&#8221;50% 50%&#8221; awb_parallax=&#8221;scroll-opacity&#8221; awb_parallax_speed=&#8221;0.5&#8243; awb_parallax_mobile=&#8221;1&#8243; awb_image=&#8221;3288&#8243;][vc_column width=&#8221;3\/6&#8243;][vc_column_text css_animation=&#8221;none&#8221;]<span style=\"font-size: 18pt;\"><strong><span style=\"font-family: neuron;\">Ce que nous vous offrons:<\/span><\/strong><\/span><\/p>\n<p><span style=\"font-family: neuron; font-size: 14pt;\">Dans nos locaux d\u2019acc\u00e8s sans barri\u00e8re au centre de St\u00e4fa, nous vous proposons un large \u00e9ventail de possibilit\u00e9s de traitement de physioth\u00e9rapie. Nous ne traitons pas seulement les sympt\u00f4mes dont vous souffrez lorsque vous venez \u00e0 nous, mais nous essayons \u00e9galement toujours de d\u00e9couvrir les causes sous-jacentes. Nous nous attaquons ainsi aux maux de t\u00eate, aux douleurs dorsales, aux \u0153d\u00e8mes douloureux ou aux douleurs au genou \u00e0 la racine, mais nous vous aidons \u00e9galement \u00e0 retrouver un \u00e9quilibre apr\u00e8s des blessures traumatiques ou des maladies neurologiques cons\u00e9cutives \u00e0 un accident. Nous sommes bien s\u00fbr \u00e9galement \u00e0 votre disposition pour des mesures de r\u00e9adaptation postop\u00e9ratoires, des traitements articulaires temporo-mandibulaires et des drainages lymphatiques &#8211; \u00e0 votre maison.<\/span>[\/vc_column_text][\/vc_column][vc_column width=&#8221;1\/6&#8243;][vc_single_image image=&#8221;4080&#8243; img_size=&#8221;full&#8221; alignment=&#8221;center&#8221; css_animation=&#8221;none&#8221;][\/vc_column][vc_column width=&#8221;2\/6&#8243;][vc_column_text css_animation=&#8221;none&#8221;]<span style=\"font-size: 18pt;\"><strong><span style=\"font-family: neuron;\">Quelques-unes de nos formes de th\u00e9rapie :<\/span><\/strong><\/span><\/p>\n<ul>\n<li><span style=\"font-family: neuron; font-size: 14pt;\">Pr\u00e9vention et pr\u00e9vention des chutes<\/span><\/li>\n<li><span style=\"font-family: neuron; font-size: 14pt;\">Th\u00e9rapie manuelle<\/span><\/li>\n<li><span style=\"color: #333333; font-family: neuron; font-size: 14pt;\">Soins \u00e0 domicile<\/span><\/li>\n<li><span style=\"color: #333333; font-family: neuron; font-size: 14pt;\">Soins CMD \/ m\u00e2choire<\/span><\/li>\n<li><span style=\"color: #333333; font-family: neuron; font-size: 14pt;\">R\u00e9\u00e9ducation vestibulaire et vertiges<\/span><\/li>\n<li><span style=\"color: #333333; font-family: neuron; font-size: 14pt;\">Traitement des fascias<\/span><\/li>\n<li><span style=\"font-family: neuron; font-size: 14pt;\">R\u00e9adaptation post-op\u00e9ratoire<\/span><\/li>\n<li><span style=\"font-family: neuron; font-size: 14pt;\">Drainage lymphatique<\/span><\/li>\n<li><span style=\"color: #333333; font-family: neuron; font-size: 14pt;\">Kinesio Taping<\/span><\/li>\n<li><span style=\"color: #333333; font-family: neuron; font-size: 14pt;\">Massages m\u00e9dicaux (\u00e9galement via l&#8217;assurance suppl\u00e9mentaire)<\/span><\/li>\n<li><span style=\"font-family: neuron; font-size: 14pt;\">Traitement des points de d\u00e9clenchement et aiguilles s\u00e8ches<\/span><\/li>\n<li><span style=\"font-family: neuron; font-size: 14pt;\">Th\u00e9rapie neurologique selon Bobath et Vojta<\/span><\/li>\n<li><span style=\"font-family: neuron; font-size: 14pt;\">Entra\u00eenement somatomoteur avec le Sensopro<\/span><\/li>\n<\/ul>\n<p>[\/vc_column_text][\/vc_column][\/vc_row][vc_row][vc_column width=&#8221;1\/2&#8243;][vc_single_image image=&#8221;4407&#8243; img_size=&#8221;full&#8221;][\/vc_column][vc_column width=&#8221;1\/2&#8243;][vc_column_text]<span style=\"color: #333333; font-family: neuron; font-size: 14pt;\"><b>Massages chez Claudia Tr\u00fcb<\/b><\/span><\/p>\n<ul>\n<li><span style=\"color: #333333; font-family: neuron; font-size: 14pt;\"><b>R\u00e9flexologie des pieds<\/b><\/span><\/li>\n<li><span style=\"color: #333333; font-family: neuron; font-size: 14pt;\"><b>Massage par ventouses<\/b><\/span><\/li>\n<li><span style=\"color: #333333; font-family: neuron; font-size: 14pt;\"><b>Massages d\u00e9congestionnants avec \u00e9l\u00e9ments de drainage lymphatique<br \/>\n<\/b><\/span><\/li>\n<li><span style=\"color: #333333; font-family: neuron; font-size: 14pt;\"><b>massage de grossesse<\/b><\/span><b><\/b><\/li>\n<\/ul>\n<p>&nbsp;<\/p>\n<p><span style=\"color: #333333; font-family: neuron; font-size: 14pt;\"><b>Femme Tr\u00fcb est reconnue par toutes les assurances compl\u00e9mentaires affili\u00e9es \u00e0 EMR. <\/b><br \/>\n<\/span><span style=\"color: #333333; font-family: neuron; font-size: 14pt;\"><b>Num\u00e9ro d&#8217;enregistrement DME : M202261, Claudia Tr\u00fcb<\/b><\/span>[\/vc_column_text][\/vc_column][\/vc_row][vc_row type=&#8221;full_width_content&#8221; top_padding=&#8221;0&#8243; bottom_padding=&#8221;0&#8243;][vc_column][vc_single_image image=&#8221;4143&#8243; img_size=&#8221;full&#8221; alignment=&#8221;center&#8221;][\/vc_column][\/vc_row][vc_row type=&#8221;full_width_content&#8221; bg_color=&#8221;#f5f4f2&#8243; top_padding=&#8221;0&#8243; bottom_padding=&#8221;0&#8243;][vc_column width=&#8221;1\/2&#8243; background_color=&#8221;#f5f4f2&#8243;][vc_empty_space height=&#8221;50px&#8221;][vc_column_text]<\/p>\n<p style=\"padding-left: 60px;\"><span style=\"font-family: neuron; font-size: 14pt;\">Notre \u00e9quipe est \u00e0 votre disposition aux horaires suivants :<\/span><\/p>\n<p style=\"padding-left: 60px;\"><span style=\"font-family: neuron; font-size: 14pt;\">Lundi &#8211; Vendredi : 7h &#8211; 17h<br \/>\net sur rendez-vous.<\/span><\/p>\n<p>[\/vc_column_text][vc_row_inner][vc_column_inner width=&#8221;1\/2&#8243;][vc_column_text css=&#8221;.vc_custom_1601044839637{background-image: url(https:\/\/goethephysio.ch\/wp-content\/uploads\/2020\/09\/Bildschirmfoto-2020-09-25-um-16.40.07.png?id=3509) !important;}&#8221;]<\/p>\n<div class=\"page\" style=\"padding-left: 30px;\">\n<div class=\"section\">\n<div class=\"layoutArea\">\n<div class=\"column\">\n<p><span style=\"font-family: neuron; font-size: 14pt;\">Physio Goethezentrum<\/span><br \/>\n<span style=\"font-family: neuron; font-size: 14pt;\">Goethestrasse 25<\/span><br \/>\n<span style=\"font-family: neuron; font-size: 14pt;\">8712 St\u00e4fa<\/span><\/p>\n<\/div>\n<\/div>\n<\/div>\n<\/div>\n<p>[\/vc_column_text][\/vc_column_inner][vc_column_inner width=&#8221;1\/2&#8243;][vc_column_text]<\/p>\n<p style=\"padding-left: 30px;\"><span style=\"font-family: neuron; font-size: 14pt;\">Tel: 043 477 06 27<\/span><\/p>\n<p style=\"padding-left: 30px;\"><span style=\"font-family: neuron; font-size: 14pt;\"><a href=\"mailto:admin@goethephysio.ch\">admin@goethephysio.ch<\/a><\/span><\/p>\n<p>[\/vc_column_text][\/vc_column_inner][\/vc_row_inner][\/vc_column][vc_column width=&#8221;1\/2&#8243;][vc_single_image image=&#8221;4179&#8243; img_size=&#8221;full&#8221; alignment=&#8221;center&#8221; css_animation=&#8221;none&#8221;][\/vc_column][\/vc_row]<\/p>\n","protected":false},"excerpt":{"rendered":"<p>[vc_row type=&#8221;full_width_content&#8221; top_padding=&#8221;0&#8243; bottom_padding=&#8221;0&#8243;][vc_column][vc_single_image image=&#8221;4140&#8243; img_size=&#8221;full&#8221; alignment=&#8221;center&#8221;][\/vc_column][\/vc_row][vc_row type=&#8221;full_width_content&#8221; top_padding=&#8221;0&#8243; bottom_padding=&#8221;0&#8243;][vc_column][vc_single_image image=&#8221;4143&#8243; img_size=&#8221;full&#8221; alignment=&#8221;center&#8221;][\/vc_column][\/vc_row][vc_row top_padding=&#8221;20&#8243; bottom_padding=&#8221;0&#8243; awb_type=&#8221;image&#8221; awb_stretch=&#8221;1&#8243; awb_image_background_position=&#8221;50% 50%&#8221; awb_parallax=&#8221;scroll-opacity&#8221; awb_parallax_speed=&#8221;0.5&#8243; awb_parallax_mobile=&#8221;1&#8243; awb_image=&#8221;3288&#8243;][vc_column width=&#8221;3\/6&#8243;][vc_column_text css_animation=&#8221;none&#8221;]Ce que nous vous offrons: Dans nos locaux d\u2019acc\u00e8s sans barri\u00e8re au centre de St\u00e4fa, nous vous proposons un large \u00e9ventail de possibilit\u00e9s de traitement de physioth\u00e9rapie. Nous ne traitons pas [&hellip;]<\/p>\n","protected":false},"author":1,"featured_media":0,"parent":0,"menu_order":0,"comment_status":"closed","ping_status":"closed","template":"","meta":{"footnotes":""},"class_list":["post-4657","page","type-page","status-publish","hentry"],"_links":{"self":[{"href":"https:\/\/goethephysio.ch\/fr\/wp-json\/wp\/v2\/pages\/4657","targetHints":{"allow":["GET"]}}],"collection":[{"href":"https:\/\/goethephysio.ch\/fr\/wp-json\/wp\/v2\/pages"}],"about":[{"href":"https:\/\/goethephysio.ch\/fr\/wp-json\/wp\/v2\/types\/page"}],"author":[{"embeddable":true,"href":"https:\/\/goethephysio.ch\/fr\/wp-json\/wp\/v2\/users\/1"}],"replies":[{"embeddable":true,"href":"https:\/\/goethephysio.ch\/fr\/wp-json\/wp\/v2\/comments?post=4657"}],"version-history":[{"count":13,"href":"https:\/\/goethephysio.ch\/fr\/wp-json\/wp\/v2\/pages\/4657\/revisions"}],"predecessor-version":[{"id":5181,"href":"https:\/\/goethephysio.ch\/fr\/wp-json\/wp\/v2\/pages\/4657\/revisions\/5181"}],"wp:attachment":[{"href":"https:\/\/goethephysio.ch\/fr\/wp-json\/wp\/v2\/media?parent=4657"}],"curies":[{"name":"wp","href":"https:\/\/api.w.org\/{rel}","templated":true}]}}