{"id":4661,"date":"2020-09-11T19:15:35","date_gmt":"2020-09-11T19:15:35","guid":{"rendered":"https:\/\/goethephysio.ch\/a-propos-de-nous\/"},"modified":"2023-12-18T07:10:22","modified_gmt":"2023-12-18T07:10:22","slug":"a-propos-de-nous","status":"publish","type":"page","link":"https:\/\/goethephysio.ch\/fr\/a-propos-de-nous\/","title":{"rendered":"\u00c0 propos de nous."},"content":{"rendered":"<p>[vc_row type=&#8221;full_width_content&#8221; top_padding=&#8221;0&#8243; bottom_padding=&#8221;0&#8243;][vc_column][vc_single_image image=&#8221;4542&#8243; img_size=&#8221;full&#8221; alignment=&#8221;center&#8221;][\/vc_column][\/vc_row][vc_row type=&#8221;full_width_content&#8221; top_padding=&#8221;0&#8243; bottom_padding=&#8221;0&#8243;][vc_column][vc_single_image image=&#8221;4143&#8243; img_size=&#8221;full&#8221; alignment=&#8221;center&#8221;][\/vc_column][\/vc_row][vc_row type=&#8221;full_width_content&#8221; bottom_padding=&#8221;0&#8243;][vc_column width=&#8221;1\/2&#8243;][vc_single_image image=&#8221;5310&#8243; img_size=&#8221;full&#8221;][\/vc_column][vc_column width=&#8221;1\/2&#8243;][vc_empty_space height=&#8221;30px&#8221;][vc_column_text]<\/p>\n<h2 style=\"padding-left: 40px;\"><span style=\"font-family: neuron;\">\u00c0 propos de nous.<\/span><\/h2>\n<p style=\"padding-left: 40px;\"><span style=\"font-family: neuron; font-size: 14pt;\">La sant\u00e9 de nos patients est notre priorit\u00e9 absolue.<br \/>\nNous combinons notre expertise professionnelle et une vision holistique de la personne dans notre travail quotidien.<br \/>\nNos comp\u00e9tences en physioth\u00e9rapie et nos connaissances nous aident \u00e0 soutenir non seulement nos patients pendant le traitement,<br \/>\nmais aussi \u00e0 leur montrer comment ils peuvent s&#8217;aider eux-m\u00eames.<br \/>\nPour rester \u00e0 jour et offrir aux patients la th\u00e9rapie la plus individuelle possible,<br \/>\nnous continuons \u00e0 nous former.<br \/>\nLa dynamique aide non seulement nos patients dans le processus de gu\u00e9rison, mais est \u00e9galement essentielle pour nos physioth\u00e9rapeutes.<\/span><\/p>\n<p>[\/vc_column_text][\/vc_column][\/vc_row][vc_row][vc_column width=&#8221;1\/4&#8243;][vc_hoverbox image=&#8221;4380&#8243; primary_title=&#8221;&#8221; hover_title=&#8221;&#8221; shape=&#8221;square&#8221; hover_background_color=&#8221;white&#8221;]<a href=\"https:\/\/goethephysio.ch\/wp-content\/uploads\/2023\/02\/katharina.jpg\"><img loading=\"lazy\" decoding=\"async\" class=\"aligncenter size-full wp-image-4820\" src=\"https:\/\/goethephysio.ch\/wp-content\/uploads\/2023\/02\/katharina.jpg\" alt=\"\" width=\"449\" height=\"701\" srcset=\"https:\/\/goethephysio.ch\/wp-content\/uploads\/2023\/02\/katharina.jpg 449w, https:\/\/goethephysio.ch\/wp-content\/uploads\/2023\/02\/katharina-192x300.jpg 192w\" sizes=\"auto, (max-width: 449px) 100vw, 449px\" \/><\/a>[\/vc_hoverbox][\/vc_column][vc_column width=&#8221;1\/4&#8243;][vc_hoverbox image=&#8221;5153&#8243; primary_title=&#8221;&#8221; hover_title=&#8221;&#8221; shape=&#8221;square&#8221; hover_background_color=&#8221;white&#8221;]<a href=\"https:\/\/goethephysio.ch\/wp-content\/uploads\/2023\/10\/PG_Severine_S_2023_web-2.jpg\"><img loading=\"lazy\" decoding=\"async\" class=\"aligncenter size-full wp-image-5209\" src=\"https:\/\/goethephysio.ch\/wp-content\/uploads\/2023\/10\/PG_Severine_S_2023_web-2.jpg\" alt=\"\" width=\"673\" height=\"1051\" srcset=\"https:\/\/goethephysio.ch\/wp-content\/uploads\/2023\/10\/PG_Severine_S_2023_web-2.jpg 673w, https:\/\/goethephysio.ch\/wp-content\/uploads\/2023\/10\/PG_Severine_S_2023_web-2-192x300.jpg 192w, https:\/\/goethephysio.ch\/wp-content\/uploads\/2023\/10\/PG_Severine_S_2023_web-2-656x1024.jpg 656w\" sizes=\"auto, (max-width: 673px) 100vw, 673px\" \/><\/a>[\/vc_hoverbox][\/vc_column][vc_column width=&#8221;1\/4&#8243;][vc_hoverbox image=&#8221;5074&#8243; primary_title=&#8221;&#8221; hover_title=&#8221;&#8221; shape=&#8221;square&#8221; hover_background_color=&#8221;white&#8221;]<a href=\"https:\/\/goethephysio.ch\/wp-content\/uploads\/2023\/05\/Hannes_Wandschneider_2023.jpg\"><img loading=\"lazy\" decoding=\"async\" class=\"aligncenter size-full wp-image-5124\" src=\"https:\/\/goethephysio.ch\/wp-content\/uploads\/2023\/05\/Hannes_Wandschneider_2023.jpg\" alt=\"\" width=\"449\" height=\"701\" srcset=\"https:\/\/goethephysio.ch\/wp-content\/uploads\/2023\/05\/Hannes_Wandschneider_2023.jpg 449w, https:\/\/goethephysio.ch\/wp-content\/uploads\/2023\/05\/Hannes_Wandschneider_2023-192x300.jpg 192w\" sizes=\"auto, (max-width: 449px) 100vw, 449px\" \/><\/a>[\/vc_hoverbox][\/vc_column][vc_column width=&#8221;1\/4&#8243;][\/vc_column][\/vc_row][vc_row][vc_column width=&#8221;1\/4&#8243;][vc_hoverbox image=&#8221;4392&#8243; primary_title=&#8221;&#8221; hover_title=&#8221;&#8221; shape=&#8221;square&#8221; hover_background_color=&#8221;white&#8221;]<a href=\"https:\/\/goethephysio.ch\/wp-content\/uploads\/2023\/02\/PG_7.jpg\"><img loading=\"lazy\" decoding=\"async\" class=\"aligncenter wp-image-4798 size-full\" src=\"https:\/\/goethephysio.ch\/wp-content\/uploads\/2023\/02\/PG_7.jpg\" alt=\"\" width=\"449\" height=\"701\" srcset=\"https:\/\/goethephysio.ch\/wp-content\/uploads\/2023\/02\/PG_7.jpg 449w, https:\/\/goethephysio.ch\/wp-content\/uploads\/2023\/02\/PG_7-192x300.jpg 192w\" sizes=\"auto, (max-width: 449px) 100vw, 449px\" \/><\/a>[\/vc_hoverbox][\/vc_column][vc_column width=&#8221;1\/4&#8243;][vc_hoverbox image=&#8221;4386&#8243; primary_title=&#8221;&#8221; hover_title=&#8221;&#8221; shape=&#8221;square&#8221; hover_background_color=&#8221;white&#8221;]<a href=\"https:\/\/goethephysio.ch\/wp-content\/uploads\/2023\/02\/melanie.jpg\"><img loading=\"lazy\" decoding=\"async\" class=\"aligncenter size-full wp-image-4828\" src=\"https:\/\/goethephysio.ch\/wp-content\/uploads\/2023\/02\/melanie.jpg\" alt=\"\" width=\"449\" height=\"701\" srcset=\"https:\/\/goethephysio.ch\/wp-content\/uploads\/2023\/02\/melanie.jpg 449w, https:\/\/goethephysio.ch\/wp-content\/uploads\/2023\/02\/melanie-192x300.jpg 192w\" sizes=\"auto, (max-width: 449px) 100vw, 449px\" \/><\/a>[\/vc_hoverbox][\/vc_column][vc_column width=&#8221;1\/4&#8243;][vc_hoverbox image=&#8221;4395&#8243; primary_title=&#8221;&#8221; hover_title=&#8221;&#8221; shape=&#8221;square&#8221; hover_background_color=&#8221;white&#8221;]<a href=\"https:\/\/goethephysio.ch\/wp-content\/uploads\/2023\/02\/claudia.jpg\"><img loading=\"lazy\" decoding=\"async\" class=\"aligncenter size-full wp-image-4832\" src=\"https:\/\/goethephysio.ch\/wp-content\/uploads\/2023\/02\/claudia.jpg\" alt=\"\" width=\"449\" height=\"701\" srcset=\"https:\/\/goethephysio.ch\/wp-content\/uploads\/2023\/02\/claudia.jpg 449w, https:\/\/goethephysio.ch\/wp-content\/uploads\/2023\/02\/claudia-192x300.jpg 192w\" sizes=\"auto, (max-width: 449px) 100vw, 449px\" \/><\/a>[\/vc_hoverbox][\/vc_column][vc_column width=&#8221;1\/4&#8243;][vc_hoverbox image=&#8221;4581&#8243; primary_title=&#8221;&#8221; hover_title=&#8221;&#8221; shape=&#8221;square&#8221; hover_background_color=&#8221;white&#8221;]<a href=\"https:\/\/goethephysio.ch\/wp-content\/uploads\/2023\/02\/aaron.jpg\"><img loading=\"lazy\" decoding=\"async\" class=\"aligncenter size-full wp-image-4836\" src=\"https:\/\/goethephysio.ch\/wp-content\/uploads\/2023\/02\/aaron.jpg\" alt=\"\" width=\"449\" height=\"701\" srcset=\"https:\/\/goethephysio.ch\/wp-content\/uploads\/2023\/02\/aaron.jpg 449w, https:\/\/goethephysio.ch\/wp-content\/uploads\/2023\/02\/aaron-192x300.jpg 192w\" sizes=\"auto, (max-width: 449px) 100vw, 449px\" \/><\/a>[\/vc_hoverbox][\/vc_column][\/vc_row][vc_row type=&#8221;full_width_content&#8221; bottom_padding=&#8221;0&#8243;][vc_column][vc_empty_space height=&#8221;12px&#8221;][\/vc_column][\/vc_row][vc_row type=&#8221;full_width_content&#8221; bottom_padding=&#8221;0&#8243;][vc_column width=&#8221;1\/2&#8243;][vc_column_text]<a href=\"https:\/\/goethephysio.ch\/fr\/travaux\/\"><img loading=\"lazy\" decoding=\"async\" class=\"aligncenter wp-image-3961 size-full\" src=\"https:\/\/goethephysio.ch\/wp-content\/uploads\/2022\/03\/PG_Anima_Neutral-2.gif\" alt=\"\" width=\"320\" height=\"480\"><\/a>[\/vc_column_text][\/vc_column][vc_column width=&#8221;1\/2&#8243;][vc_empty_space][vc_column_text]Nous recherchons d\u00e8s que possible<\/p>\n<p><strong>un physioth\u00e9rapeute<\/strong><\/p>\n<p>Vous pouvez vous attendre \u00e0 une \u00e9quipe engag\u00e9e et professionnelle de huit th\u00e9rapeutes comp\u00e9tents,<br \/>\nsalaire sup\u00e9rieur \u00e0 la moyenne, collaboration \u00e9troite avec les m\u00e9decins, formation interne<br \/>\net le soutien aux mesures de formation externes.<\/p>\n<p>Vous \u00eates kin\u00e9sith\u00e9rapeute de formation, souhaitez vous d\u00e9velopper davantage, agir de mani\u00e8re professionnelle,<br \/>\nvous aimez communiquer et id\u00e9alement avoir votre propre voiture pour les visites \u00e0 domicile ?<\/p>\n<p>Alors postulez chez nous! Nous sommes impatients de vous rencontrer.<br \/>\n<span style=\"font-size: 14pt;\"><strong><a href=\"https:\/\/goethephysio.ch\/fr\/travaux\/\"><span style=\"color: #333333;\">L&#8217;emploi de vos r\u00eaves est \u00e0 port\u00e9e de clic<\/span><\/a><\/strong><\/span>[\/vc_column_text][\/vc_column][\/vc_row][vc_row type=&#8221;full_width_content&#8221; bottom_padding=&#8221;0&#8243;][vc_column][vc_single_image image=&#8221;4143&#8243; img_size=&#8221;full&#8221; alignment=&#8221;center&#8221;][\/vc_column][\/vc_row][vc_row type=&#8221;full_width_content&#8221; top_padding=&#8221;0&#8243; bottom_padding=&#8221;0&#8243;][vc_column width=&#8221;1\/2&#8243;][vc_empty_space height=&#8221;50px&#8221;][vc_column_text]<\/p>\n<p style=\"padding-left: 60px;\"><span style=\"font-family: neuron; font-size: 14pt;\">Notre \u00e9quipe est \u00e0 votre disposition aux horaires suivants :<\/span><\/p>\n<p style=\"padding-left: 60px;\"><span style=\"font-family: neuron; font-size: 14pt;\">Lundi &#8211; Vendredi : 7h &#8211; 17h<br \/>\net sur rendez-vous.<\/span><\/p>\n<p>[\/vc_column_text][vc_row_inner][vc_column_inner width=&#8221;1\/2&#8243;][vc_column_text]<\/p>\n<p style=\"padding-left: 30px;\"><span style=\"font-family: neuron; font-size: 14pt;\">Physio Goethezentrum<\/span><br \/>\n<span style=\"font-family: neuron; font-size: 14pt;\">Goethestrasse 25<\/span><br \/>\n<span style=\"font-family: neuron; font-size: 14pt;\">8712 St\u00e4fa<\/span>[\/vc_column_text][\/vc_column_inner][vc_column_inner width=&#8221;1\/2&#8243;][vc_column_text]<\/p>\n<p style=\"padding-left: 30px;\"><span style=\"font-family: neuron; font-size: 14pt;\">Tel: 043 477 06 27<\/span><\/p>\n<p style=\"padding-left: 30px;\"><span style=\"font-family: neuron; font-size: 14pt;\"><a href=\"mailto:admin@goethephysio.ch\">admin@goethephysio.ch<\/a><\/span><\/p>\n<p>[\/vc_column_text][\/vc_column_inner][\/vc_row_inner][\/vc_column][vc_column width=&#8221;1\/2&#8243;][vc_single_image image=&#8221;4179&#8243; img_size=&#8221;full&#8221;][\/vc_column][\/vc_row]<\/p>\n","protected":false},"excerpt":{"rendered":"<p>[vc_row type=&#8221;full_width_content&#8221; top_padding=&#8221;0&#8243; bottom_padding=&#8221;0&#8243;][vc_column][vc_single_image image=&#8221;4542&#8243; img_size=&#8221;full&#8221; alignment=&#8221;center&#8221;][\/vc_column][\/vc_row][vc_row type=&#8221;full_width_content&#8221; top_padding=&#8221;0&#8243; bottom_padding=&#8221;0&#8243;][vc_column][vc_single_image image=&#8221;4143&#8243; img_size=&#8221;full&#8221; alignment=&#8221;center&#8221;][\/vc_column][\/vc_row][vc_row type=&#8221;full_width_content&#8221; bottom_padding=&#8221;0&#8243;][vc_column width=&#8221;1\/2&#8243;][vc_single_image image=&#8221;5310&#8243; img_size=&#8221;full&#8221;][\/vc_column][vc_column width=&#8221;1\/2&#8243;][vc_empty_space height=&#8221;30px&#8221;][vc_column_text] \u00c0 propos de nous. La sant\u00e9 de nos patients est notre priorit\u00e9 absolue. Nous combinons notre expertise professionnelle et une vision holistique de la personne dans notre travail quotidien. Nos comp\u00e9tences en physioth\u00e9rapie et nos [&hellip;]<\/p>\n","protected":false},"author":1,"featured_media":0,"parent":0,"menu_order":0,"comment_status":"closed","ping_status":"closed","template":"","meta":{"footnotes":""},"class_list":["post-4661","page","type-page","status-publish","hentry"],"_links":{"self":[{"href":"https:\/\/goethephysio.ch\/fr\/wp-json\/wp\/v2\/pages\/4661","targetHints":{"allow":["GET"]}}],"collection":[{"href":"https:\/\/goethephysio.ch\/fr\/wp-json\/wp\/v2\/pages"}],"about":[{"href":"https:\/\/goethephysio.ch\/fr\/wp-json\/wp\/v2\/types\/page"}],"author":[{"embeddable":true,"href":"https:\/\/goethephysio.ch\/fr\/wp-json\/wp\/v2\/users\/1"}],"replies":[{"embeddable":true,"href":"https:\/\/goethephysio.ch\/fr\/wp-json\/wp\/v2\/comments?post=4661"}],"version-history":[{"count":68,"href":"https:\/\/goethephysio.ch\/fr\/wp-json\/wp\/v2\/pages\/4661\/revisions"}],"predecessor-version":[{"id":5320,"href":"https:\/\/goethephysio.ch\/fr\/wp-json\/wp\/v2\/pages\/4661\/revisions\/5320"}],"wp:attachment":[{"href":"https:\/\/goethephysio.ch\/fr\/wp-json\/wp\/v2\/media?parent=4661"}],"curies":[{"name":"wp","href":"https:\/\/api.w.org\/{rel}","templated":true}]}}