{"id":4677,"date":"2020-09-25T12:34:19","date_gmt":"2020-09-25T12:34:19","guid":{"rendered":"https:\/\/goethephysio.ch\/mentions-legales\/"},"modified":"2023-01-31T12:25:33","modified_gmt":"2023-01-31T12:25:33","slug":"mentions-legales","status":"publish","type":"page","link":"https:\/\/goethephysio.ch\/fr\/mentions-legales\/","title":{"rendered":"Mentions l\u00e9gales"},"content":{"rendered":"<p>[vc_row][vc_column][vc_column_text]<\/p>\n<header class=\"entry-header\">\n<h1 class=\"entry-title\"><span style=\"font-family: neuron;\">Mentions l\u00e9gales<\/span><\/h1>\n<\/header>\n<div class=\"entry-content\">\n<h2><span style=\"font-family: neuron;\">Informations selon \u00a7 5 TMG :<\/span><\/h2>\n<p><span style=\"font-family: neuron;\">Physio Goethezentrum<\/span><br \/>\n<span style=\"font-family: neuron;\">Goethestrasse 25<\/span><br \/>\n<span style=\"font-family: neuron;\">8712 St\u00e4fa<\/span><\/p>\n<h2><span style=\"font-family: neuron;\">Contact :<\/span><\/h2>\n<table>\n<tbody>\n<tr>\n<td><span style=\"font-family: neuron; font-size: 14pt;\">T\u00e9l\u00e9phone :<\/span><\/td>\n<td style=\"padding-left: 40px;\"><span style=\"font-family: neuron; font-size: 14pt;\">043 477 06 27<\/span><\/td>\n<\/tr>\n<tr>\n<td><span style=\"font-family: neuron; font-size: 14pt;\">T\u00e9l\u00e9copieur :<\/span><\/td>\n<td style=\"padding-left: 40px;\"><span style=\"font-family: neuron; font-size: 14pt;\">043 477 09 33<\/span><\/td>\n<\/tr>\n<tr>\n<td><span style=\"font-family: neuron; font-size: 14pt;\">Courrier \u00e9lectronique :<\/span><\/td>\n<td style=\"padding-left: 40px;\"><span style=\"font-family: neuron; font-size: 14pt;\">info@goethephysio.com<\/span><\/td>\n<\/tr>\n<tr>\n<td><span style=\"font-family: neuron; font-size: 14pt;\">Web :<\/span><\/td>\n<td style=\"padding-left: 40px;\"><span style=\"font-family: neuron; font-size: 14pt;\">goethephysio.com<\/span><\/td>\n<\/tr>\n<\/tbody>\n<\/table>\n<p>&nbsp;<\/p>\n<h2><span style=\"font-family: neuron;\">R\u00e8glement des litiges<\/span><\/h2>\n<p><span style=\"font-family: neuron;\">La Commission europ\u00e9enne met \u00e0 disposition une plateforme de r\u00e8glement en ligne des litiges (RLL) <a href=\"https:\/\/ec.europa.eu\/consumers\/odr\" target=\"_blank\" rel=\"noopener noreferrer\">: https:\/\/ec.europa.eu\/consumers\/odr<\/a><\/span><br \/>\n<span style=\"font-family: neuron;\">Vous trouverez notre adresse e-mail en haut dans les mentions l\u00e9gales.<\/span><\/p>\n<p><span style=\"font-family: neuron;\">Nous ne sommes pas pr\u00eats ou oblig\u00e9s de participer \u00e0 des proc\u00e9dures de r\u00e8glement des litiges devant un organisme de conciliation des consommateurs.<\/span><\/p>\n<h2><span style=\"font-family: neuron;\">Responsabilit\u00e9 du contenu<\/span><\/h2>\n<p><span style=\"font-family: neuron;\">En tant que prestataire de services, nous sommes tenus, conform\u00e9ment au \u00a7 7 al.1 TMG pour ses propres contenus sur ces pages selon les lois g\u00e9n\u00e9rales. Selon les \u00a7\u00a7 8 \u00e0 10 de la loi allemande sur les m\u00e9dias \u00e9lectroniques (TMG), nous ne sommes toutefois pas tenus, en tant que prestataire de services, de surveiller les informations externes transmises ou enregistr\u00e9es ou de rechercher des circonstances indiquant une activit\u00e9 ill\u00e9gale.<\/span><\/p>\n<p><span style=\"font-family: neuron;\">Obligations de retirer ou de bloquer l&#8217;utilisation de<\/span><br \/>\n<span style=\"font-family: neuron;\">informations selon les lois g\u00e9n\u00e9rales n&#8217;en sont pas affect\u00e9es. Une responsabilit\u00e9 \u00e0 cet \u00e9gard n&#8217;est toutefois possible qu&#8217;\u00e0 partir du moment o\u00f9 une violation concr\u00e8te de la loi est connue. D\u00e8s que nous aurons connaissance de telles violations, nous retirerons imm\u00e9diatement ces contenus.<\/span><\/p>\n<h2><span style=\"font-family: neuron;\">Responsabilit\u00e9 pour les liens<\/span><\/h2>\n<p><span style=\"font-family: neuron;\">Notre offre contient des liens vers des sites web externes de tiers, sur le contenu desquels nous n&#8217;avons aucune influence. C&#8217;est pourquoi nous ne pouvons pas non plus nous porter garants de ces contenus \u00e9trangers. Le fournisseur ou l&#8217;exploitant des pages li\u00e9es est toujours responsable du contenu de ces pages. Les pages li\u00e9es ont \u00e9t\u00e9 v\u00e9rifi\u00e9es au moment de la cr\u00e9ation du lien afin de s&#8217;assurer qu&#8217;elles n&#8217;enfreignaient pas la loi. Aucun contenu ill\u00e9gal n&#8217;a \u00e9t\u00e9 identifi\u00e9 au moment de la cr\u00e9ation des liens.<\/span><\/p>\n<p><span style=\"font-family: neuron;\">Un contr\u00f4le permanent du contenu des pages li\u00e9es n&#8217;est toutefois pas exigible sans indices concrets d&#8217;une violation de la loi. D\u00e8s que nous aurons connaissance de violations de la loi, nous supprimerons imm\u00e9diatement de tels liens.<\/span><\/p>\n<h2><span style=\"font-family: neuron;\">Droit d&#8217;auteur<\/span><\/h2>\n<p><span style=\"font-family: neuron;\">Les contenus et \u0153uvres cr\u00e9\u00e9s par les exploitants de ces pages sont soumis au droit d&#8217;auteur allemand. La reproduction, le traitement, la diffusion et toute forme d&#8217;exploitation en dehors des limites du droit d&#8217;auteur requi\u00e8rent l&#8217;accord \u00e9crit de l&#8217;auteur ou du cr\u00e9ateur concern\u00e9. Les t\u00e9l\u00e9chargements et les copies de cette page ne sont autoris\u00e9s que pour un usage priv\u00e9 et non commercial.<\/span><\/p>\n<p><span style=\"font-family: neuron;\">Dans la mesure o\u00f9 les contenus de ce site n&#8217;ont pas \u00e9t\u00e9 cr\u00e9\u00e9s par l&#8217;exploitant, les droits d&#8217;auteur de tiers sont respect\u00e9s. En particulier, les contenus de tiers sont identifi\u00e9s comme tels. Si vous deviez n\u00e9anmoins constater une violation des droits d&#8217;auteur, nous vous prions de nous en informer. D\u00e8s que nous aurons connaissance d&#8217;une violation de la loi, nous supprimerons imm\u00e9diatement de tels contenus.<\/span><\/p>\n<p><span style=\"font-family: neuron;\">Source <a href=\"https:\/\/www.e-recht24.de\/\">: https:\/\/www.e-recht24.de<\/a><\/span><\/p>\n<p><strong><span style=\"font-family: neuron;\">r\u00e9alisation technique &amp; suivi<\/span><\/strong><br \/>\n<a href=\"https:\/\/edvservice.bayern\" target=\"_blank\" rel=\"noopener noreferrer\"><span style=\"font-family: neuron;\">Stefan Oberhuber &#8211; Service informatique | Webdesign<\/span><\/a><\/p>\n<\/div>\n<p>[\/vc_column_text][\/vc_column][\/vc_row]<\/p>\n","protected":false},"excerpt":{"rendered":"<p>[vc_row][vc_column][vc_column_text] Mentions l\u00e9gales Informations selon \u00a7 5 TMG : Physio Goethezentrum Goethestrasse 25 8712 St\u00e4fa Contact : T\u00e9l\u00e9phone : 043 477 06 27 T\u00e9l\u00e9copieur : 043 477 09 33 Courrier \u00e9lectronique : info@goethephysio.com Web : goethephysio.com &nbsp; R\u00e8glement des litiges La Commission europ\u00e9enne met \u00e0 disposition une plateforme de r\u00e8glement en ligne des litiges (RLL) [&hellip;]<\/p>\n","protected":false},"author":1,"featured_media":0,"parent":0,"menu_order":0,"comment_status":"closed","ping_status":"closed","template":"","meta":{"footnotes":""},"class_list":["post-4677","page","type-page","status-publish","hentry"],"_links":{"self":[{"href":"https:\/\/goethephysio.ch\/fr\/wp-json\/wp\/v2\/pages\/4677","targetHints":{"allow":["GET"]}}],"collection":[{"href":"https:\/\/goethephysio.ch\/fr\/wp-json\/wp\/v2\/pages"}],"about":[{"href":"https:\/\/goethephysio.ch\/fr\/wp-json\/wp\/v2\/types\/page"}],"author":[{"embeddable":true,"href":"https:\/\/goethephysio.ch\/fr\/wp-json\/wp\/v2\/users\/1"}],"replies":[{"embeddable":true,"href":"https:\/\/goethephysio.ch\/fr\/wp-json\/wp\/v2\/comments?post=4677"}],"version-history":[{"count":2,"href":"https:\/\/goethephysio.ch\/fr\/wp-json\/wp\/v2\/pages\/4677\/revisions"}],"predecessor-version":[{"id":4679,"href":"https:\/\/goethephysio.ch\/fr\/wp-json\/wp\/v2\/pages\/4677\/revisions\/4679"}],"wp:attachment":[{"href":"https:\/\/goethephysio.ch\/fr\/wp-json\/wp\/v2\/media?parent=4677"}],"curies":[{"name":"wp","href":"https:\/\/api.w.org\/{rel}","templated":true}]}}