{"id":4671,"date":"2020-09-25T12:35:48","date_gmt":"2020-09-25T12:35:48","guid":{"rendered":"https:\/\/goethephysio.ch\/protezione-dei-dati\/"},"modified":"2023-01-31T12:24:29","modified_gmt":"2023-01-31T12:24:29","slug":"protezione-dei-dati","status":"publish","type":"page","link":"https:\/\/goethephysio.ch\/it\/protezione-dei-dati\/","title":{"rendered":"Protezione dei dati"},"content":{"rendered":"<p>[vc_row][vc_column][vc_column_text]<\/p>\n<header class=\"entry-header\">\n<h1 class=\"entry-title\"><span style=\"font-family: neuron;\">Protezione dei dati<\/span><\/h1>\n<\/header>\n<div class=\"entry-content\">\n<h2><span style=\"font-family: neuron;\">1. La protezione dei dati in sintesi<\/span><\/h2>\n<h3><span style=\"font-family: neuron;\">Note generali<\/span><\/h3>\n<p><span style=\"font-family: neuron;\">Le seguenti note forniscono una semplice panoramica di ci\u00f2 che accade ai vostri dati personali quando visitate il nostro sito web. I dati personali sono tutti i dati che consentono di identificare personalmente l&#8217;utente. Per informazioni dettagliate sul tema della protezione dei dati, si prega di consultare la nostra dichiarazione sulla protezione dei dati riportata sotto questo testo.<\/span><\/p>\n<h3><span style=\"font-family: neuron;\">Raccolta di dati sul nostro sito web<\/span><\/h3>\n<p><span style=\"font-family: neuron;\"><strong>Chi \u00e8 responsabile della raccolta dei dati su questo sito?<\/strong><\/span><\/p>\n<p><span style=\"font-family: neuron;\">Il trattamento dei dati su questo sito web viene effettuato dal gestore del sito. I suoi dati di contatto sono riportati nell&#8217;imprinting di questo sito.<\/span><\/p>\n<p><span style=\"font-family: neuron;\"><strong>Come raccogliamo i vostri dati?<\/strong><\/span><\/p>\n<p><span style=\"font-family: neuron;\">Da un lato, i vostri dati sono raccolti da voi che ce li fornite. Pu\u00f2 trattarsi, ad esempio, dei dati inseriti dall&#8217;utente in un modulo di contatto.<\/span><\/p>\n<p><span style=\"font-family: neuron;\">Altri dati vengono raccolti automaticamente dai nostri sistemi informatici quando visitate il sito web. Si tratta principalmente di dati tecnici (ad es. browser internet, sistema operativo o tempo di visualizzazione della pagina). Questi dati vengono raccolti automaticamente non appena si entra nel nostro sito web.<\/span><\/p>\n<p><span style=\"font-family: neuron;\"><strong>Per cosa utilizziamo i vostri dati?<\/strong><\/span><\/p>\n<p><span style=\"font-family: neuron;\">Una parte dei dati viene raccolta per garantire una fornitura senza errori del sito web. Altri dati possono essere utilizzati per analizzare il comportamento degli utenti.<\/span><\/p>\n<p><span style=\"font-family: neuron;\"><strong>Quali diritti avete sui vostri dati?<\/strong><\/span><\/p>\n<p><span style=\"font-family: neuron;\">Avete il diritto di ricevere gratuitamente in qualsiasi momento informazioni sull&#8217;origine, il destinatario e lo scopo dei vostri dati personali memorizzati. L&#8217;utente ha inoltre il diritto di richiedere la correzione, il blocco o la cancellazione di tali dati. In caso di ulteriori domande sul tema della protezione dei dati, potete contattarci in qualsiasi momento all&#8217;indirizzo indicato nell&#8217;imprinting. Inoltre, avete il diritto di presentare un reclamo all&#8217;autorit\u00e0 di vigilanza competente.<\/span><\/p>\n<p><span style=\"font-family: neuron;\">Avete inoltre il diritto di richiedere la limitazione del trattamento dei vostri dati personali in determinate circostanze. Per maggiori dettagli, consultare l&#8217;informativa sulla privacy alla voce &#8220;Diritto alla limitazione del trattamento&#8221;.<\/span><\/p>\n<h2><span style=\"font-family: neuron;\">2 Note generali e informazioni obbligatorie<\/span><\/h2>\n<h3><span style=\"font-family: neuron;\">Protezione dei dati<\/span><\/h3>\n<p><span style=\"font-family: neuron;\">I gestori di queste pagine prendono molto sul serio la protezione dei vostri dati personali. Trattiamo i vostri dati personali in modo confidenziale e in conformit\u00e0 alle norme di legge sulla protezione dei dati e alla presente dichiarazione sulla protezione dei dati.<\/span><\/p>\n<p><span style=\"font-family: neuron;\">Quando si utilizza questo sito web, vengono raccolti diversi dati personali. I dati personali sono dati con i quali \u00e8 possibile identificarvi personalmente. La presente informativa sulla privacy spiega quali dati raccogliamo e per quali scopi li utilizziamo. Spiega inoltre come e a quale scopo ci\u00f2 avviene.<\/span><\/p>\n<p><span style=\"font-family: neuron;\">Desideriamo sottolineare che la trasmissione di dati su Internet (ad esempio la comunicazione via e-mail) pu\u00f2 presentare lacune di sicurezza. Non \u00e8 possibile proteggere completamente i dati dall&#8217;accesso di terzi.<\/span><\/p>\n<h3><span style=\"font-family: neuron;\">Nota sull&#8217;organismo responsabile<\/span><\/h3>\n<p><span style=\"font-family: neuron;\">Il responsabile del trattamento dei dati per questo sito web \u00e8:<\/span><\/p>\n<p><span style=\"font-family: neuron;\">Centro Fisio Goethe<\/span><br \/>\n<span style=\"font-family: neuron;\">Goethestrasse 25<\/span><br \/>\n<span style=\"font-family: neuron;\">8712 St\u00e4fa<\/span><\/p>\n<h2><span style=\"font-family: neuron;\">Contatto:<\/span><\/h2>\n<table>\n<tbody>\n<tr>\n<td><span style=\"font-family: neuron; font-size: 14pt;\">Telefono:<\/span><\/td>\n<td style=\"padding-left: 40px;\"><span style=\"font-family: neuron; font-size: 14pt;\">043 477 06 27<\/span><\/td>\n<\/tr>\n<tr>\n<td><span style=\"font-family: neuron; font-size: 14pt;\">Fax:<\/span><\/td>\n<td style=\"padding-left: 40px;\"><span style=\"font-family: neuron; font-size: 14pt;\">043 477 09 33<\/span><\/td>\n<\/tr>\n<tr>\n<td><span style=\"font-family: neuron; font-size: 14pt;\">E-mail:<\/span><\/td>\n<td style=\"padding-left: 40px;\"><span style=\"font-family: neuron; font-size: 14pt;\">info@goethephysio.com<\/span><\/td>\n<\/tr>\n<tr>\n<td><span style=\"font-family: neuron; font-size: 14pt;\">Web:<\/span><\/td>\n<td style=\"padding-left: 40px;\"><span style=\"font-family: neuron; font-size: 14pt;\">goethephysio.com<\/span><\/td>\n<\/tr>\n<\/tbody>\n<\/table>\n<p><span style=\"font-family: neuron;\">Il responsabile del trattamento \u00e8 la persona fisica o giuridica che, da sola o insieme ad altri, determina le finalit\u00e0 e i mezzi del trattamento dei dati personali (ad esempio, nomi, indirizzi e-mail, ecc.).<\/span><\/p>\n<h3><span style=\"font-family: neuron;\">Revoca del consenso al trattamento dei dati<\/span><\/h3>\n<p><span style=\"font-family: neuron;\">Molte operazioni di trattamento dei dati sono possibili solo con il vostro esplicito consenso. \u00c8 possibile revocare il consenso gi\u00e0 dato in qualsiasi momento. \u00c8 sufficiente inviare un messaggio informale via e-mail. La legalit\u00e0 del trattamento dei dati effettuato fino alla revoca rimane inalterata dalla revoca stessa.<\/span><\/p>\n<h3><span style=\"font-family: neuron;\">Diritto di opporsi alla raccolta dei dati in casi specifici e al marketing diretto (Art. 21 GDPR)<\/span><\/h3>\n<p><span style=\"font-family: neuron;\"><strong>Se il trattamento dei dati si basa sull&#8217;art. 6 par. 1 lit. e o f DSGVO, avete il diritto di opporvi in qualsiasi momento al trattamento dei vostri dati personali per motivi legati alla vostra situazione particolare; ci\u00f2 vale anche per la profilazione basata su tali disposizioni. Le rispettive basi giuridiche su cui si fonda il trattamento sono riportate nella presente dichiarazione sulla protezione dei dati. Se vi opponete, non tratteremo pi\u00f9 i vostri dati personali in questione, a meno che non possiamo dimostrare motivi legittimi impellenti per il trattamento che prevalgono sui vostri interessi, diritti e libert\u00e0, o il trattamento serve a far valere, esercitare o difendere rivendicazioni legali (obiezione ai sensi dell&#8217;art. 21(1) DSGVO).<\/strong><\/span><\/p>\n<p><span style=\"font-family: neuron;\"><strong>Se i vostri dati personali sono trattati per finalit\u00e0 di marketing diretto, avete il diritto di opporvi in qualsiasi momento al trattamento dei dati personali che vi riguardano ai fini di tale marketing; ci\u00f2 vale anche per la profilazione nella misura in cui \u00e8 connessa a tale marketing diretto. In caso di opposizione, i vostri dati personali non saranno pi\u00f9 utilizzati per scopi di marketing diretto (opposizione ai sensi dell&#8217;art. 21 (2) DSGVO).<\/strong><\/span><\/p>\n<h3><span style=\"font-family: neuron;\">Diritto di ricorso all&#8217;autorit\u00e0 di vigilanza competente<\/span><\/h3>\n<p><span style=\"font-family: neuron;\">In caso di violazione del GDPR, gli interessati hanno il diritto di ricorrere a un&#8217;autorit\u00e0 di controllo, in particolare nello Stato membro in cui risiedono abitualmente, lavorano o in cui si \u00e8 verificata la presunta violazione. Il diritto di ricorso non pregiudica alcun altro ricorso amministrativo o giudiziario.<\/span><\/p>\n<h3><span style=\"font-family: neuron;\">Diritto alla portabilit\u00e0 dei dati<\/span><\/h3>\n<p><span style=\"font-family: neuron;\">Avete il diritto di ottenere che i dati da noi trattati automaticamente sulla base del vostro consenso o in esecuzione di un contratto siano consegnati a voi o a terzi in un formato comune e leggibile a macchina. Se richiedete il trasferimento diretto dei dati a un altro responsabile del trattamento, ci\u00f2 avverr\u00e0 solo nella misura in cui sia tecnicamente possibile.<\/span><\/p>\n<h3><span style=\"font-family: neuron;\">Crittografia SSL o TLS<\/span><\/h3>\n<p><span style=\"font-family: neuron;\">Per motivi di sicurezza e per proteggere la trasmissione di contenuti riservati, come ordini o richieste di informazioni che ci inviate in qualit\u00e0 di gestori del sito, questo sito utilizza un protocollo SSL o SSL. Crittografia TLS. Una connessione criptata si riconosce dal fatto che la riga dell&#8217;indirizzo del browser passa da &#8220;http:\/\/&#8221; a &#8220;https:\/\/&#8221; e dal simbolo del lucchetto nella riga del browser.<\/span><\/p>\n<p><span style=\"font-family: neuron;\">Se la crittografia SSL o TLS \u00e8 attivata, i dati che ci trasmettete non possono essere letti da terzi.<\/span><\/p>\n<h3><span style=\"font-family: neuron;\">Informazioni, blocco, cancellazione e correzione<\/span><\/h3>\n<p><span style=\"font-family: neuron;\">Nell&#8217;ambito delle disposizioni di legge applicabili, l&#8217;utente ha il diritto di ottenere in qualsiasi momento informazioni gratuite sui propri dati personali memorizzati, sulla loro origine e sul loro destinatario e sullo scopo del trattamento dei dati e, se del caso, il diritto alla correzione, al blocco o alla cancellazione di tali dati. Potete contattarci in qualsiasi momento all&#8217;indirizzo indicato nell&#8217;imprinting a questo scopo e per ulteriori domande sul tema dei dati personali.<\/span><\/p>\n<h3><span style=\"font-family: neuron;\">Diritto di limitare il trattamento<\/span><\/h3>\n<p><span style=\"font-family: neuron;\">Avete il diritto di richiedere la limitazione del trattamento dei vostri dati personali. A tal fine, potete contattarci in qualsiasi momento all&#8217;indirizzo indicato nell&#8217;impronta. Il diritto di limitare il trattamento esiste nei seguenti casi:<\/span><\/p>\n<ul>\n<li><span style=\"font-family: neuron;\">Se l&#8217;utente contesta l&#8217;accuratezza dei suoi dati personali in nostro possesso, di solito avremo bisogno di tempo per verificarlo. Per la durata della revisione, avete il diritto di chiedere la limitazione del trattamento dei vostri dati personali.<\/span><\/li>\n<li><span style=\"font-family: neuron;\">Se il trattamento dei vostri dati personali \u00e8 avvenuto\/sta avvenendo in modo illecito, potete richiedere la limitazione del trattamento dei dati invece della cancellazione.<\/span><\/li>\n<li><span style=\"font-family: neuron;\">Se non abbiamo pi\u00f9 bisogno dei vostri dati personali, ma ne avete bisogno per esercitare, difendere o far valere i vostri diritti legali, avete il diritto di richiedere la limitazione del trattamento dei vostri dati personali invece della cancellazione.<\/span><\/li>\n<li><span style=\"font-family: neuron;\">Se desiderate presentare un&#8217;obiezione ai sensi dell&#8217;art. 21, paragrafo 1, lettera a), del Codice Civile. 1 DSGVO, \u00e8 necessario trovare un equilibrio tra i vostri interessi e i nostri. Finch\u00e9 non \u00e8 ancora stato stabilito quali interessi prevalgono, avete il diritto di chiedere la limitazione del trattamento dei vostri dati personali.<\/span><\/li>\n<\/ul>\n<p><span style=\"font-family: neuron;\">Se avete limitato il trattamento dei vostri dati personali, questi potranno essere trattati &#8211; oltre che archiviati &#8211; solo con il vostro consenso o per l&#8217;accertamento, l&#8217;esercizio o la difesa di diritti legali o per la tutela dei diritti di un&#8217;altra persona fisica o giuridica o per motivi di rilevante interesse pubblico dell&#8217;Unione Europea o di uno Stato membro.<\/span><\/p>\n<h2><span style=\"font-family: neuron;\">3. raccolta di dati sul nostro sito web<\/span><\/h2>\n<h3><span style=\"font-family: neuron;\">Biscotti<\/span><\/h3>\n<p><span style=\"font-family: neuron;\">Le pagine Internet utilizzano in parte i cosiddetti cookie. I cookie non causano alcun danno al computer e non contengono virus. I cookie vengono utilizzati per rendere il nostro sito web pi\u00f9 facile da usare, efficace e sicuro. I cookie sono piccoli file di testo che vengono memorizzati sul computer e salvati dal browser.<\/span><\/p>\n<p><span style=\"font-family: neuron;\">La maggior parte dei cookie che utilizziamo sono i cosiddetti &#8220;cookie di sessione&#8221;. Vengono cancellati automaticamente al termine della visita. Altri cookie rimangono memorizzati sul vostro terminale finch\u00e9 non li cancellate. Questi cookie ci permettono di riconoscere il vostro browser alla vostra prossima visita.<\/span><\/p>\n<p><span style=\"font-family: neuron;\">Potete impostare il vostro browser in modo da essere informati sull&#8217;impostazione dei cookie e consentire i cookie solo in singoli casi, escludere l&#8217;accettazione dei cookie per determinati casi o in generale e attivare la cancellazione automatica dei cookie alla chiusura del browser. Se i cookie vengono disattivati, la funzionalit\u00e0 di questo sito web potrebbe essere limitata.<\/span><\/p>\n<p><span style=\"font-family: neuron;\">I cookie necessari per eseguire il processo di comunicazione elettronica o per fornire determinate funzioni richieste dall&#8217;utente (ad esempio, la funzione del carrello della spesa) vengono memorizzati sulla base dell&#8217;Art. 6 Para. 1 lit. f DSGVO memorizzato. L&#8217;operatore del sito web ha un interesse legittimo a memorizzare i cookie per la fornitura tecnicamente priva di errori e ottimizzata dei propri servizi. Nella misura in cui vengono memorizzati altri cookie (ad es. cookie per l&#8217;analisi del comportamento di navigazione), questi vengono trattati separatamente nella presente dichiarazione sulla protezione dei dati.<\/span><\/p>\n<h3><span style=\"font-family: neuron;\">File di log del server<\/span><\/h3>\n<p><span style=\"font-family: neuron;\">Il fornitore delle pagine raccoglie e memorizza automaticamente le informazioni nei cosiddetti file di log del server, che il vostro browser ci trasmette automaticamente. Questi sono:<\/span><\/p>\n<ul>\n<li><span style=\"font-family: neuron;\">Tipo e versione del browser<\/span><\/li>\n<li><span style=\"font-family: neuron;\">Sistema operativo utilizzato<\/span><\/li>\n<li><span style=\"font-family: neuron;\">URL di riferimento<\/span><\/li>\n<li><span style=\"font-family: neuron;\">Nome host del computer di accesso<\/span><\/li>\n<li><span style=\"font-family: neuron;\">Ora della richiesta del server<\/span><\/li>\n<li><span style=\"font-family: neuron;\">Indirizzo IP<\/span><\/li>\n<\/ul>\n<p><span style=\"font-family: neuron;\">Questi dati non vengono uniti ad altre fonti di dati.<\/span><\/p>\n<p><span style=\"font-family: neuron;\">La raccolta di questi dati si basa sull&#8217;art. 6 par. 1 lit. f GDPR. Il gestore del sito web ha un interesse legittimo alla presentazione tecnicamente priva di errori e all&#8217;ottimizzazione del proprio sito web &#8211; a tal fine \u00e8 necessario registrare i file di log del server.<\/span><\/p>\n<h3><span style=\"font-family: neuron;\">Modulo di contatto<\/span><\/h3>\n<p><span style=\"font-family: neuron;\">Se ci inviate richieste di informazioni tramite il modulo di contatto, i vostri dati dal modulo di richiesta, compresi i dati di contatto che avete fornito, saranno memorizzati da noi allo scopo di elaborare la richiesta e in caso di richieste successive. Non trasmettiamo questi dati senza il vostro consenso.<\/span><\/p>\n<p><span style=\"font-family: neuron;\">Il trattamento dei dati inseriti nel modulo di contatto si basa pertanto esclusivamente sul vostro consenso (art. 6 cpv. 1 lett. a DSGVO). Il consenso pu\u00f2 essere revocato in qualsiasi momento. \u00c8 sufficiente inviare un messaggio informale via e-mail. La liceit\u00e0 delle operazioni di trattamento dei dati effettuate fino alla revoca rimane inalterata dalla revoca stessa.<\/span><\/p>\n<p><span style=\"font-family: neuron;\">I dati inseriti nel modulo di contatto rimarranno presso di noi fino a quando non ci chiederete di cancellarli, non revocherete il vostro consenso alla loro memorizzazione o fino a quando lo scopo della memorizzazione dei dati non sar\u00e0 pi\u00f9 valido (ad esempio, al termine dell&#8217;elaborazione della vostra richiesta). Le disposizioni legali obbligatorie, in particolare i periodi di conservazione, rimangono inalterate.<\/span><\/p>\n<h3><span style=\"font-family: neuron;\">Richiesta via e-mail, telefono o fax<\/span><\/h3>\n<p><span style=\"font-family: neuron;\">Se ci contattate via e-mail, telefono o fax, la vostra richiesta, compresi tutti i dati personali che ne derivano (nome, richiesta), verr\u00e0 da noi memorizzata ed elaborata allo scopo di evadere la vostra richiesta. Non trasmettiamo questi dati senza il vostro consenso.<\/span><\/p>\n<p><span style=\"font-family: neuron;\">Il trattamento di questi dati si basa sull&#8217;art. 6 par. 1 lit. b DSGVO, nella misura in cui la vostra richiesta sia legata all&#8217;esecuzione di un contratto o sia necessaria per l&#8217;attuazione di misure precontrattuali. In tutti gli altri casi, il trattamento si basa sul vostro consenso (art. 6 cpv. 1 lett. a DSGVO) e\/o sui nostri legittimi interessi (art. 6 cpv. 1 lett. f DSGVO), in quanto abbiamo un legittimo interesse all&#8217;effettivo trattamento delle richieste che ci vengono rivolte.<\/span><\/p>\n<p><span style=\"font-family: neuron;\">I dati che ci inviate tramite le richieste di contatto rimarranno presso di noi fino a quando non ci chiederete di cancellarli, non revocherete il vostro consenso alla loro memorizzazione o lo scopo della memorizzazione dei dati non sar\u00e0 pi\u00f9 valido (ad esempio, dopo che avremo completato l&#8217;elaborazione della vostra richiesta). Le disposizioni di legge obbligatorie, in particolare i periodi di conservazione legale, rimangono inalterate.<\/span><\/p>\n<h3><span style=\"font-family: neuron;\">Funzione di commento su questo sito web<\/span><\/h3>\n<p><span style=\"font-family: neuron;\">Per quanto riguarda la funzione di commento di questa pagina, oltre al vostro commento, verranno memorizzati i dettagli relativi alla data di creazione del commento, il vostro indirizzo e-mail e, se non postate in forma anonima, il nome utente che avete scelto.<\/span><\/p>\n<p><span style=\"font-family: neuron;\"><strong>Memorizzazione dell&#8217;indirizzo IP<\/strong><\/span><\/p>\n<p><span style=\"font-family: neuron;\">La nostra funzione di commento memorizza gli indirizzi IP degli utenti che inviano commenti. Poich\u00e9 non controlliamo i commenti sul nostro sito prima che vengano attivati, abbiamo bisogno di questi dati per poter agire contro l&#8217;autore in caso di violazioni legali come insulti o propaganda.<\/span><\/p>\n<p><span style=\"font-family: neuron;\"><strong>Iscriviti ai commenti<\/strong><\/span><\/p>\n<p><span style=\"font-family: neuron;\">Come utente del sito, \u00e8 possibile iscriversi ai commenti dopo essersi registrati. Riceverete un&#8217;e-mail di conferma per verificare che siate i proprietari dell&#8217;indirizzo e-mail fornito. \u00c8 possibile annullare l&#8217;iscrizione a questa funzione in qualsiasi momento tramite un link nelle e-mail informative. In questo caso, i dati inseriti nell&#8217;ambito dell&#8217;iscrizione ai commenti saranno cancellati; tuttavia, se ci avete trasmesso questi dati per altri scopi e in un altro momento (ad esempio, l&#8217;ordine della newsletter), essi rimarranno presso di noi.<\/span><\/p>\n<p><span style=\"font-family: neuron;\"><strong>Periodo di conservazione dei commenti<\/strong><\/span><\/p>\n<p><span style=\"font-family: neuron;\">I commenti e i relativi dati (ad es. l&#8217;indirizzo IP) vengono memorizzati e rimangono sul nostro sito web fino a quando i contenuti commentati non vengono completamente cancellati o i commenti devono essere cancellati per motivi legali (ad es. commenti offensivi).<\/span><\/p>\n<p><span style=\"font-family: neuron;\"><strong>Base giuridica<\/strong><\/span><\/p>\n<p><span style=\"font-family: neuron;\">La memorizzazione dei commenti si basa sul consenso dell&#8217;utente (art. 6 par. 1 lett. a DSGVO). L&#8217;utente pu\u00f2 revocare in qualsiasi momento il consenso prestato. \u00c8 sufficiente inviare un messaggio informale via e-mail. La revoca non pregiudica la liceit\u00e0 dei trattamenti gi\u00e0 effettuati.<\/span><\/p>\n<h3><span style=\"font-family: neuron;\">Dati di trattamento (dati dei clienti e dei contratti)<\/span><\/h3>\n<p><span style=\"font-family: neuron;\">Raccogliamo, elaboriamo e utilizziamo i dati personali solo nella misura in cui sono necessari per l&#8217;instaurazione, il contenuto o la modifica del rapporto giuridico (dati di inventario). Ci\u00f2 avviene sulla base dell&#8217;art. 6 para. 1 lit. b DSGVO, che consente il trattamento dei dati per l&#8217;esecuzione di un contratto o di misure precontrattuali. Raccogliamo, elaboriamo e utilizziamo i dati personali relativi all&#8217;utilizzo delle nostre pagine Internet (dati di utilizzo) solo nella misura in cui ci\u00f2 \u00e8 necessario per consentire all&#8217;utente di utilizzare il servizio o per fatturare all&#8217;utente.<\/span><\/p>\n<p><span style=\"font-family: neuron;\">I dati del cliente raccolti saranno cancellati dopo il completamento dell&#8217;ordine o la cessazione del rapporto commerciale. I periodi di conservazione previsti dalla legge rimangono inalterati.<\/span><\/p>\n<\/div>\n<p>[\/vc_column_text][\/vc_column][\/vc_row]<\/p>\n","protected":false},"excerpt":{"rendered":"<p>[vc_row][vc_column][vc_column_text] Protezione dei dati 1. La protezione dei dati in sintesi Note generali Le seguenti note forniscono una semplice panoramica di ci\u00f2 che accade ai vostri dati personali quando visitate il nostro sito web. I dati personali sono tutti i dati che consentono di identificare personalmente l&#8217;utente. Per informazioni dettagliate sul tema della protezione dei [&hellip;]<\/p>\n","protected":false},"author":1,"featured_media":0,"parent":0,"menu_order":0,"comment_status":"closed","ping_status":"closed","template":"","meta":{"footnotes":""},"class_list":["post-4671","page","type-page","status-publish","hentry"],"_links":{"self":[{"href":"https:\/\/goethephysio.ch\/it\/wp-json\/wp\/v2\/pages\/4671","targetHints":{"allow":["GET"]}}],"collection":[{"href":"https:\/\/goethephysio.ch\/it\/wp-json\/wp\/v2\/pages"}],"about":[{"href":"https:\/\/goethephysio.ch\/it\/wp-json\/wp\/v2\/types\/page"}],"author":[{"embeddable":true,"href":"https:\/\/goethephysio.ch\/it\/wp-json\/wp\/v2\/users\/1"}],"replies":[{"embeddable":true,"href":"https:\/\/goethephysio.ch\/it\/wp-json\/wp\/v2\/comments?post=4671"}],"version-history":[{"count":2,"href":"https:\/\/goethephysio.ch\/it\/wp-json\/wp\/v2\/pages\/4671\/revisions"}],"predecessor-version":[{"id":4673,"href":"https:\/\/goethephysio.ch\/it\/wp-json\/wp\/v2\/pages\/4671\/revisions\/4673"}],"wp:attachment":[{"href":"https:\/\/goethephysio.ch\/it\/wp-json\/wp\/v2\/media?parent=4671"}],"curies":[{"name":"wp","href":"https:\/\/api.w.org\/{rel}","templated":true}]}}