{"id":4683,"date":"2021-06-21T13:10:11","date_gmt":"2021-06-21T13:10:11","guid":{"rendered":"https:\/\/goethephysio.ch\/galleria\/"},"modified":"2023-04-04T06:55:51","modified_gmt":"2023-04-04T06:55:51","slug":"galleria","status":"publish","type":"page","link":"https:\/\/goethephysio.ch\/it\/galleria\/","title":{"rendered":"Galleria"},"content":{"rendered":"<p>[vc_row][vc_column][vc_gallery type=&#8221;image_grid&#8221; images=&#8221;4420,4312,4315,4318,4321,4324,4327,4330,4333,4336,4339,4342,4345,4348,4351,4354,4357,4360,4363,4366,4432,4435,4438,4441,4444,4447,4450,4453,4456,4459,4462,4465,4501,4498,4495,4492,4489,4486,4483,4480,4477,4474,4471,4468,4504,4507,4510,4513,4516,4519,4522,4525,4528,4531,4534,4537&#8243;][\/vc_column][\/vc_row][vc_row type=&#8221;full_width_content&#8221; bg_color=&#8221;#f5f4f2&#8243; top_padding=&#8221;0&#8243; bottom_padding=&#8221;0&#8243;][vc_column width=&#8221;1\/2&#8243; background_color=&#8221;#f5f4f2&#8243;][vc_empty_space height=&#8221;50px&#8221;][vc_column_text]<\/p>\n<p style=\"padding-left: 60px;\"><span style=\"font-family: neuron; font-size: 14pt;\">Il nostro team \u00e8 a vostra disposizione nei seguenti orari:<\/span><\/p>\n<p style=\"padding-left: 60px;\"><span style=\"font-family: neuron; font-size: 14pt;\">Luned\u00ec &#8211; Venerd\u00ec: 7-17 ore<br \/>\ne su appuntamento.<\/span><\/p>\n<p>[\/vc_column_text][vc_row_inner][vc_column_inner width=&#8221;1\/2&#8243;][vc_column_text css=&#8221;.vc_custom_1601044839637{background-image: url(https:\/\/goethephysio.ch\/wp-content\/uploads\/2020\/09\/Bildschirmfoto-2020-09-25-um-16.40.07.png?id=3509) !important;}&#8221;]<\/p>\n<div class=\"page\" style=\"padding-left: 30px;\">\n<div class=\"section\">\n<div class=\"layoutArea\">\n<div class=\"column\">\n<p><span style=\"font-family: neuron; font-size: 14pt;\">Physio Goethezentrum<\/span><br \/>\n<span style=\"font-family: neuron; font-size: 14pt;\">Goethestrasse 25<\/span><br \/>\n<span style=\"font-family: neuron; font-size: 14pt;\">8712 St\u00e4fa<\/span><\/p>\n<\/div>\n<\/div>\n<\/div>\n<\/div>\n<p>[\/vc_column_text][\/vc_column_inner][vc_column_inner width=&#8221;1\/2&#8243;][vc_column_text]<\/p>\n<p style=\"padding-left: 30px;\"><span style=\"font-family: neuron; font-size: 14pt;\">Tel: 043 477 06 27<\/span><\/p>\n<p style=\"padding-left: 30px;\"><span style=\"font-family: neuron; font-size: 14pt;\"><a href=\"mailto:admin@goethephysio.ch\">admin@goethephysio.ch<\/a><\/span><\/p>\n<p>[\/vc_column_text][\/vc_column_inner][\/vc_row_inner][\/vc_column][vc_column width=&#8221;1\/2&#8243;][vc_single_image image=&#8221;4180&#8243; img_size=&#8221;full&#8221; alignment=&#8221;center&#8221; css_animation=&#8221;none&#8221;][\/vc_column][\/vc_row]<\/p>\n","protected":false},"excerpt":{"rendered":"<p>[vc_row][vc_column][vc_gallery type=&#8221;image_grid&#8221; images=&#8221;4420,4312,4315,4318,4321,4324,4327,4330,4333,4336,4339,4342,4345,4348,4351,4354,4357,4360,4363,4366,4432,4435,4438,4441,4444,4447,4450,4453,4456,4459,4462,4465,4501,4498,4495,4492,4489,4486,4483,4480,4477,4474,4471,4468,4504,4507,4510,4513,4516,4519,4522,4525,4528,4531,4534,4537&#8243;][\/vc_column][\/vc_row][vc_row type=&#8221;full_width_content&#8221; bg_color=&#8221;#f5f4f2&#8243; top_padding=&#8221;0&#8243; bottom_padding=&#8221;0&#8243;][vc_column width=&#8221;1\/2&#8243; background_color=&#8221;#f5f4f2&#8243;][vc_empty_space height=&#8221;50px&#8221;][vc_column_text] Il nostro team \u00e8 a vostra disposizione nei seguenti orari: Luned\u00ec &#8211; Venerd\u00ec: 7-17 ore e su appuntamento. [\/vc_column_text][vc_row_inner][vc_column_inner width=&#8221;1\/2&#8243;][vc_column_text css=&#8221;.vc_custom_1601044839637{background-image: url(https:\/\/goethephysio.ch\/wp-content\/uploads\/2020\/09\/Bildschirmfoto-2020-09-25-um-16.40.07.png?id=3509) !important;}&#8221;] Physio Goethezentrum Goethestrasse 25 8712 St\u00e4fa [\/vc_column_text][\/vc_column_inner][vc_column_inner width=&#8221;1\/2&#8243;][vc_column_text] Tel: 043 477 06 27 admin@goethephysio.ch [\/vc_column_text][\/vc_column_inner][\/vc_row_inner][\/vc_column][vc_column width=&#8221;1\/2&#8243;][vc_single_image image=&#8221;4180&#8243; img_size=&#8221;full&#8221; alignment=&#8221;center&#8221; css_animation=&#8221;none&#8221;][\/vc_column][\/vc_row]<\/p>\n","protected":false},"author":1,"featured_media":0,"parent":0,"menu_order":0,"comment_status":"closed","ping_status":"closed","template":"","meta":{"footnotes":""},"class_list":["post-4683","page","type-page","status-publish","hentry"],"_links":{"self":[{"href":"https:\/\/goethephysio.ch\/it\/wp-json\/wp\/v2\/pages\/4683","targetHints":{"allow":["GET"]}}],"collection":[{"href":"https:\/\/goethephysio.ch\/it\/wp-json\/wp\/v2\/pages"}],"about":[{"href":"https:\/\/goethephysio.ch\/it\/wp-json\/wp\/v2\/types\/page"}],"author":[{"embeddable":true,"href":"https:\/\/goethephysio.ch\/it\/wp-json\/wp\/v2\/users\/1"}],"replies":[{"embeddable":true,"href":"https:\/\/goethephysio.ch\/it\/wp-json\/wp\/v2\/comments?post=4683"}],"version-history":[{"count":10,"href":"https:\/\/goethephysio.ch\/it\/wp-json\/wp\/v2\/pages\/4683\/revisions"}],"predecessor-version":[{"id":4922,"href":"https:\/\/goethephysio.ch\/it\/wp-json\/wp\/v2\/pages\/4683\/revisions\/4922"}],"wp:attachment":[{"href":"https:\/\/goethephysio.ch\/it\/wp-json\/wp\/v2\/media?parent=4683"}],"curies":[{"name":"wp","href":"https:\/\/api.w.org\/{rel}","templated":true}]}}