{"id":4715,"date":"2020-09-11T19:15:35","date_gmt":"2020-09-11T19:15:35","guid":{"rendered":"https:\/\/goethephysio.ch\/su-di-noi\/"},"modified":"2023-12-18T07:10:22","modified_gmt":"2023-12-18T07:10:22","slug":"su-di-noi","status":"publish","type":"page","link":"https:\/\/goethephysio.ch\/it\/su-di-noi\/","title":{"rendered":"Su di noi."},"content":{"rendered":"<p>[vc_row type=&#8221;full_width_content&#8221; top_padding=&#8221;0&#8243; bottom_padding=&#8221;0&#8243;][vc_column][vc_single_image image=&#8221;4543&#8243; img_size=&#8221;full&#8221; alignment=&#8221;center&#8221;][\/vc_column][\/vc_row][vc_row type=&#8221;full_width_content&#8221; top_padding=&#8221;0&#8243; bottom_padding=&#8221;0&#8243;][vc_column][vc_single_image image=&#8221;4144&#8243; img_size=&#8221;full&#8221; alignment=&#8221;center&#8221;][\/vc_column][\/vc_row][vc_row type=&#8221;full_width_content&#8221; bottom_padding=&#8221;0&#8243;][vc_column width=&#8221;1\/2&#8243;][vc_single_image image=&#8221;5311&#8243; img_size=&#8221;full&#8221;][\/vc_column][vc_column width=&#8221;1\/2&#8243;][vc_empty_space height=&#8221;30px&#8221;][vc_column_text]<\/p>\n<h2 style=\"padding-left: 40px;\"><span style=\"font-family: neuron;\">Su di noi.<\/span><\/h2>\n<p style=\"padding-left: 40px;\"><span style=\"font-family: neuron; font-size: 14pt;\">La salute dei nostri pazienti \u00e8 la nostra priorit\u00e0.<br \/>\nUniamo la nostra competenza professionale con una visione olistica della persona.<br \/>\nLe nostre abilit\u00e0 e le nostre conoscenze ci aiutano non solo a sostenere i nostri pazienti durante il trattamento,<br \/>\nma anche a mostrare loro come aiutarsi da soli.<br \/>\nPer rimanere sempre aggiornati e offrire ai nostri pazienti la migliore terapia possibile,<br \/>\nci stiamo costantemente formando.<br \/>\nLa dinamicit\u00e0 non solo aiuta i nostri pazienti nel processo di guarigione, ma \u00e8 anche indispensabile per i nostri fisioterapisti.<\/span><\/p>\n<p>[\/vc_column_text][\/vc_column][\/vc_row][vc_row][vc_column width=&#8221;1\/4&#8243;][vc_hoverbox image=&#8221;4381&#8243; primary_title=&#8221;&#8221; hover_title=&#8221;&#8221; shape=&#8221;square&#8221; hover_background_color=&#8221;white&#8221;]<a href=\"https:\/\/goethephysio.ch\/wp-content\/uploads\/2023\/02\/katharina.jpg\"><img loading=\"lazy\" decoding=\"async\" class=\"aligncenter size-full wp-image-4820\" src=\"https:\/\/goethephysio.ch\/wp-content\/uploads\/2023\/02\/katharina.jpg\" alt=\"\" width=\"449\" height=\"701\" srcset=\"https:\/\/goethephysio.ch\/wp-content\/uploads\/2023\/02\/katharina.jpg 449w, https:\/\/goethephysio.ch\/wp-content\/uploads\/2023\/02\/katharina-192x300.jpg 192w\" sizes=\"auto, (max-width: 449px) 100vw, 449px\" \/><\/a>[\/vc_hoverbox][\/vc_column][vc_column width=&#8221;1\/4&#8243;][vc_hoverbox image=&#8221;5154&#8243; primary_title=&#8221;&#8221; hover_title=&#8221;&#8221; shape=&#8221;square&#8221; hover_background_color=&#8221;white&#8221;]<a href=\"https:\/\/goethephysio.ch\/wp-content\/uploads\/2023\/10\/PG_Severine_S_2023_web-2.jpg\"><img loading=\"lazy\" decoding=\"async\" class=\"aligncenter size-full wp-image-5209\" src=\"https:\/\/goethephysio.ch\/wp-content\/uploads\/2023\/10\/PG_Severine_S_2023_web-2.jpg\" alt=\"\" width=\"673\" height=\"1051\" srcset=\"https:\/\/goethephysio.ch\/wp-content\/uploads\/2023\/10\/PG_Severine_S_2023_web-2.jpg 673w, https:\/\/goethephysio.ch\/wp-content\/uploads\/2023\/10\/PG_Severine_S_2023_web-2-192x300.jpg 192w, https:\/\/goethephysio.ch\/wp-content\/uploads\/2023\/10\/PG_Severine_S_2023_web-2-656x1024.jpg 656w\" sizes=\"auto, (max-width: 673px) 100vw, 673px\" \/><\/a>[\/vc_hoverbox][\/vc_column][vc_column width=&#8221;1\/4&#8243;][vc_hoverbox image=&#8221;5075&#8243; primary_title=&#8221;&#8221; hover_title=&#8221;&#8221; shape=&#8221;square&#8221; hover_background_color=&#8221;white&#8221;]<a href=\"https:\/\/goethephysio.ch\/wp-content\/uploads\/2023\/05\/Hannes_Wandschneider_2023.jpg\"><img loading=\"lazy\" decoding=\"async\" class=\"aligncenter size-full wp-image-5124\" src=\"https:\/\/goethephysio.ch\/wp-content\/uploads\/2023\/05\/Hannes_Wandschneider_2023.jpg\" alt=\"\" width=\"449\" height=\"701\" srcset=\"https:\/\/goethephysio.ch\/wp-content\/uploads\/2023\/05\/Hannes_Wandschneider_2023.jpg 449w, https:\/\/goethephysio.ch\/wp-content\/uploads\/2023\/05\/Hannes_Wandschneider_2023-192x300.jpg 192w\" sizes=\"auto, (max-width: 449px) 100vw, 449px\" \/><\/a>[\/vc_hoverbox][\/vc_column][vc_column width=&#8221;1\/4&#8243;][\/vc_column][\/vc_row][vc_row][vc_column width=&#8221;1\/4&#8243;][vc_hoverbox image=&#8221;4393&#8243; primary_title=&#8221;&#8221; hover_title=&#8221;&#8221; shape=&#8221;square&#8221; hover_background_color=&#8221;white&#8221;]<a href=\"https:\/\/goethephysio.ch\/wp-content\/uploads\/2023\/02\/PG_7.jpg\"><img loading=\"lazy\" decoding=\"async\" class=\"aligncenter wp-image-4798 size-full\" src=\"https:\/\/goethephysio.ch\/wp-content\/uploads\/2023\/02\/PG_7.jpg\" alt=\"\" width=\"449\" height=\"701\" srcset=\"https:\/\/goethephysio.ch\/wp-content\/uploads\/2023\/02\/PG_7.jpg 449w, https:\/\/goethephysio.ch\/wp-content\/uploads\/2023\/02\/PG_7-192x300.jpg 192w\" sizes=\"auto, (max-width: 449px) 100vw, 449px\" \/><\/a>[\/vc_hoverbox][\/vc_column][vc_column width=&#8221;1\/4&#8243;][vc_hoverbox image=&#8221;4387&#8243; primary_title=&#8221;&#8221; hover_title=&#8221;&#8221; shape=&#8221;square&#8221; hover_background_color=&#8221;white&#8221;]<a href=\"https:\/\/goethephysio.ch\/wp-content\/uploads\/2023\/02\/melanie.jpg\"><img loading=\"lazy\" decoding=\"async\" class=\"aligncenter size-full wp-image-4828\" src=\"https:\/\/goethephysio.ch\/wp-content\/uploads\/2023\/02\/melanie.jpg\" alt=\"\" width=\"449\" height=\"701\" srcset=\"https:\/\/goethephysio.ch\/wp-content\/uploads\/2023\/02\/melanie.jpg 449w, https:\/\/goethephysio.ch\/wp-content\/uploads\/2023\/02\/melanie-192x300.jpg 192w\" sizes=\"auto, (max-width: 449px) 100vw, 449px\" \/><\/a>[\/vc_hoverbox][\/vc_column][vc_column width=&#8221;1\/4&#8243;][vc_hoverbox image=&#8221;4396&#8243; primary_title=&#8221;&#8221; hover_title=&#8221;&#8221; shape=&#8221;square&#8221; hover_background_color=&#8221;white&#8221;]<a href=\"https:\/\/goethephysio.ch\/wp-content\/uploads\/2023\/02\/claudia.jpg\"><img loading=\"lazy\" decoding=\"async\" class=\"aligncenter size-full wp-image-4832\" src=\"https:\/\/goethephysio.ch\/wp-content\/uploads\/2023\/02\/claudia.jpg\" alt=\"\" width=\"449\" height=\"701\" srcset=\"https:\/\/goethephysio.ch\/wp-content\/uploads\/2023\/02\/claudia.jpg 449w, https:\/\/goethephysio.ch\/wp-content\/uploads\/2023\/02\/claudia-192x300.jpg 192w\" sizes=\"auto, (max-width: 449px) 100vw, 449px\" \/><\/a>[\/vc_hoverbox][\/vc_column][vc_column width=&#8221;1\/4&#8243;][vc_hoverbox image=&#8221;4582&#8243; primary_title=&#8221;&#8221; hover_title=&#8221;&#8221; shape=&#8221;square&#8221; hover_background_color=&#8221;white&#8221;]<a href=\"https:\/\/goethephysio.ch\/wp-content\/uploads\/2023\/02\/aaron.jpg\"><img loading=\"lazy\" decoding=\"async\" class=\"aligncenter size-full wp-image-4836\" src=\"https:\/\/goethephysio.ch\/wp-content\/uploads\/2023\/02\/aaron.jpg\" alt=\"\" width=\"449\" height=\"701\" srcset=\"https:\/\/goethephysio.ch\/wp-content\/uploads\/2023\/02\/aaron.jpg 449w, https:\/\/goethephysio.ch\/wp-content\/uploads\/2023\/02\/aaron-192x300.jpg 192w\" sizes=\"auto, (max-width: 449px) 100vw, 449px\" \/><\/a>[\/vc_hoverbox][\/vc_column][\/vc_row][vc_row type=&#8221;full_width_content&#8221; bottom_padding=&#8221;0&#8243;][vc_column][vc_empty_space height=&#8221;12px&#8221;][\/vc_column][\/vc_row][vc_row type=&#8221;full_width_content&#8221; bottom_padding=&#8221;0&#8243;][vc_column width=&#8221;1\/2&#8243;][vc_column_text]<a href=\"https:\/\/goethephysio.ch\/it\/offerte-di-lavoro\/\"><img loading=\"lazy\" decoding=\"async\" class=\"aligncenter wp-image-3961 size-full\" src=\"https:\/\/goethephysio.ch\/wp-content\/uploads\/2022\/03\/PG_Anima_Neutral-2.gif\" alt=\"\" width=\"320\" height=\"480\"><\/a>[\/vc_column_text][\/vc_column][vc_column width=&#8221;1\/2&#8243;][vc_empty_space][vc_column_text]Stiamo cercando quanto prima i seguenti candidati<\/p>\n<p><strong>un fisioterapista<\/strong><\/p>\n<p>Potete contare su un team impegnato e professionale di otto terapisti competenti,<br \/>\nRetribuzione superiore alla media, stretta collaborazione con i medici, formazione interna e istruzione<br \/>\ne il sostegno alle misure di formazione esterna.<\/p>\n<p>Siete fisioterapisti qualificati, volete svilupparvi ulteriormente, vi presentate in modo professionale,<br \/>\nvi piace comunicare e possibilmente avete un&#8217;auto propria per le visite a domicilio?<\/p>\n<p>Allora candidatevi con noi! Non vediamo l&#8217;ora di conoscervi.<br \/>\n<span style=\"font-size: 14pt;\"><strong><a href=\"https:\/\/goethephysio.ch\/it\/offerte-di-lavoro\/\"><span style=\"color: #333333;\">Il lavoro dei vostri sogni \u00e8 a portata di clic<\/span><\/a><\/strong><\/span>[\/vc_column_text][\/vc_column][\/vc_row][vc_row type=&#8221;full_width_content&#8221; bottom_padding=&#8221;0&#8243;][vc_column][vc_single_image image=&#8221;4144&#8243; img_size=&#8221;full&#8221; alignment=&#8221;center&#8221;][\/vc_column][\/vc_row][vc_row type=&#8221;full_width_content&#8221; top_padding=&#8221;0&#8243; bottom_padding=&#8221;0&#8243;][vc_column width=&#8221;1\/2&#8243;][vc_empty_space height=&#8221;50px&#8221;][vc_column_text]<\/p>\n<p style=\"padding-left: 60px;\"><span style=\"font-family: neuron; font-size: 14pt;\">Il nostro team \u00e8 a vostra disposizione nei seguenti orari:<\/span><\/p>\n<p style=\"padding-left: 60px;\"><span style=\"font-family: neuron; font-size: 14pt;\">Luned\u00ec &#8211; Venerd\u00ec: 7-17 ore<br \/>\ne su appuntamento.<\/span><\/p>\n<p>[\/vc_column_text][vc_row_inner][vc_column_inner width=&#8221;1\/2&#8243;][vc_column_text]<\/p>\n<p style=\"padding-left: 30px;\"><span style=\"font-family: neuron; font-size: 14pt;\">Physio Goethezentrum<\/span><br \/>\n<span style=\"font-family: neuron; font-size: 14pt;\">Goethestrasse 25<\/span><br \/>\n<span style=\"font-family: neuron; font-size: 14pt;\">8712 St\u00e4fa<\/span>[\/vc_column_text][\/vc_column_inner][vc_column_inner width=&#8221;1\/2&#8243;][vc_column_text]<\/p>\n<p style=\"padding-left: 30px;\"><span style=\"font-family: neuron; font-size: 14pt;\">Tel: 043 477 06 27<\/span><\/p>\n<p style=\"padding-left: 30px;\"><span style=\"font-family: neuron; font-size: 14pt;\"><a href=\"mailto:admin@goethephysio.ch\">admin@goethephysio.ch<\/a><\/span><\/p>\n<p>[\/vc_column_text][\/vc_column_inner][\/vc_row_inner][\/vc_column][vc_column width=&#8221;1\/2&#8243;][vc_single_image image=&#8221;4180&#8243; img_size=&#8221;full&#8221;][\/vc_column][\/vc_row]<\/p>\n","protected":false},"excerpt":{"rendered":"<p>[vc_row type=&#8221;full_width_content&#8221; top_padding=&#8221;0&#8243; bottom_padding=&#8221;0&#8243;][vc_column][vc_single_image image=&#8221;4543&#8243; img_size=&#8221;full&#8221; alignment=&#8221;center&#8221;][\/vc_column][\/vc_row][vc_row type=&#8221;full_width_content&#8221; top_padding=&#8221;0&#8243; bottom_padding=&#8221;0&#8243;][vc_column][vc_single_image image=&#8221;4144&#8243; img_size=&#8221;full&#8221; alignment=&#8221;center&#8221;][\/vc_column][\/vc_row][vc_row type=&#8221;full_width_content&#8221; bottom_padding=&#8221;0&#8243;][vc_column width=&#8221;1\/2&#8243;][vc_single_image image=&#8221;5311&#8243; img_size=&#8221;full&#8221;][\/vc_column][vc_column width=&#8221;1\/2&#8243;][vc_empty_space height=&#8221;30px&#8221;][vc_column_text] Su di noi. La salute dei nostri pazienti \u00e8 la nostra priorit\u00e0. Uniamo la nostra competenza professionale con una visione olistica della persona. Le nostre abilit\u00e0 e le nostre conoscenze ci aiutano non solo a [&hellip;]<\/p>\n","protected":false},"author":1,"featured_media":0,"parent":0,"menu_order":0,"comment_status":"closed","ping_status":"closed","template":"","meta":{"footnotes":""},"class_list":["post-4715","page","type-page","status-publish","hentry"],"_links":{"self":[{"href":"https:\/\/goethephysio.ch\/it\/wp-json\/wp\/v2\/pages\/4715","targetHints":{"allow":["GET"]}}],"collection":[{"href":"https:\/\/goethephysio.ch\/it\/wp-json\/wp\/v2\/pages"}],"about":[{"href":"https:\/\/goethephysio.ch\/it\/wp-json\/wp\/v2\/types\/page"}],"author":[{"embeddable":true,"href":"https:\/\/goethephysio.ch\/it\/wp-json\/wp\/v2\/users\/1"}],"replies":[{"embeddable":true,"href":"https:\/\/goethephysio.ch\/it\/wp-json\/wp\/v2\/comments?post=4715"}],"version-history":[{"count":68,"href":"https:\/\/goethephysio.ch\/it\/wp-json\/wp\/v2\/pages\/4715\/revisions"}],"predecessor-version":[{"id":5321,"href":"https:\/\/goethephysio.ch\/it\/wp-json\/wp\/v2\/pages\/4715\/revisions\/5321"}],"wp:attachment":[{"href":"https:\/\/goethephysio.ch\/it\/wp-json\/wp\/v2\/media?parent=4715"}],"curies":[{"name":"wp","href":"https:\/\/api.w.org\/{rel}","templated":true}]}}